{"id":723,"date":"2020-11-21T12:33:55","date_gmt":"2020-11-21T11:33:55","guid":{"rendered":"http:\/\/timothee.couteau.free.fr\/2016\/?page_id=723"},"modified":"2026-01-04T17:45:39","modified_gmt":"2026-01-04T17:45:39","slug":"disque-les-violoncelles-seuls","status":"publish","type":"page","link":"https:\/\/timotheecouteau.com\/index.php\/disque-les-violoncelles-seuls\/","title":{"rendered":"Les Violoncelles Seuls"},"content":{"rendered":"\n<h2 class=\"wp-block-heading has-text-align-right\">Autoproduction &#8211; 2017<\/h2>\n\n\n\n<div style=\"height:100px\" aria-hidden=\"true\" class=\"wp-block-spacer\"><\/div>\n\n\n\n<blockquote class=\"wp-block-quote has-text-align-right has-global-color-9-color has-black-background-color has-text-color has-background has-link-color wp-elements-1438965f6462dce95fba2ae6dd7bedd4 is-layout-flow wp-block-quote-is-layout-flow\" style=\"font-style:italic;font-weight:500\">\n<p>Les douze pi\u00e8ces instrumentales o\u00f9 se r\u00e9pondent les violoncelles de Timoth\u00e9e Couteau campent des d\u00e9cors dont on ne s\u2019\u00e9tonnerait gu\u00e8re qu\u2019ils aboutissent en musiques de films. Atmosph\u00e9rique et captivant.<\/p>\n<cite>p; dallongevile (pARIS-mOVE)<\/cite><\/blockquote>\n\n\n\n<figure class=\"wp-block-image aligncenter is-resized\"><img loading=\"lazy\" decoding=\"async\" width=\"1024\" height=\"1024\" src=\"https:\/\/timotheecouteau.com\/wp-content\/uploads\/2016\/08\/couverture-FINAAAAAAL-carre-resizee-1024x1024.jpg\" alt=\"\" class=\"wp-image-739\" style=\"width:351px;height:auto\" srcset=\"https:\/\/timotheecouteau.com\/wp-content\/uploads\/2016\/08\/couverture-FINAAAAAAL-carre-resizee-1024x1024.jpg 1024w, https:\/\/timotheecouteau.com\/wp-content\/uploads\/2016\/08\/couverture-FINAAAAAAL-carre-resizee-300x300.jpg 300w, https:\/\/timotheecouteau.com\/wp-content\/uploads\/2016\/08\/couverture-FINAAAAAAL-carre-resizee-150x150.jpg 150w, https:\/\/timotheecouteau.com\/wp-content\/uploads\/2016\/08\/couverture-FINAAAAAAL-carre-resizee-768x768.jpg 768w, https:\/\/timotheecouteau.com\/wp-content\/uploads\/2016\/08\/couverture-FINAAAAAAL-carre-resizee.jpg 1500w\" sizes=\"auto, (max-width: 1024px) 100vw, 1024px\" \/><\/figure>\n\n\n\n<div style=\"height:100px\" aria-hidden=\"true\" class=\"wp-block-spacer\"><\/div>\n\n\n\n<p>Violoncelles avec un &lsquo;s&rsquo; car ce disque a \u00e9t\u00e9 presque enti\u00e8rement r\u00e9alis\u00e9 avec un seul instrument, celui qui me suit partout depuis maintenant quelques ann\u00e9es\u2026<\/p>\n\n\n\n<p>Enregistrer autour d&rsquo;un unique instrument, sans voix, sans paroles, en utilisant juste les possibilit\u00e9s du studio, a \u00e9t\u00e9 pour moi une sorte de d\u00e9fi\u2026<\/p>\n\n\n\n<p>Ces 12 titres vont volontairement \u00e0 l&rsquo;inverse de toutes les productions d&rsquo;aujourd&rsquo;hui, dans le son, mais aussi dans l&rsquo;\u00e9criture\u2026 J&rsquo;ai tenu \u00e0 composer et enregistrer dans l&rsquo;urgence de 12 apr\u00e8s-midis, pour capter une fra\u00eecheur une spontan\u00e9it\u00e9, et garder ces musiques vivantes.<\/p>\n\n\n\n<p class=\"has-text-align-right\">Timoth\u00e9e Couteau<\/p>\n\n\n\n<div style=\"height:100px\" aria-hidden=\"true\" class=\"wp-block-spacer\"><\/div>\n\n\n\n<h4 class=\"wp-block-heading\">Presse<\/h4>\n\n\n\n<h5 class=\"wp-block-heading\">Son \u00e9coute ach\u00e8ve d\u2019emporter l\u2019adh\u00e9sion<\/h5>\n\n\n\n<div class=\"wp-block-columns is-layout-flex wp-container-core-columns-is-layout-28f84493 wp-block-columns-is-layout-flex\">\n<div class=\"wp-block-column is-layout-flow wp-block-column-is-layout-flow\" style=\"flex-basis:33.33%\">\n<figure class=\"wp-block-image size-large\"><a href=\"https:\/\/timotheecouteau.com\/wp-content\/uploads\/2017\/07\/ParisMove.png\"><img loading=\"lazy\" decoding=\"async\" width=\"683\" height=\"1024\" src=\"https:\/\/timotheecouteau.com\/wp-content\/uploads\/2017\/07\/ParisMove-683x1024.png\" alt=\"\" class=\"wp-image-341\" srcset=\"https:\/\/timotheecouteau.com\/wp-content\/uploads\/2017\/07\/ParisMove-683x1024.png 683w, https:\/\/timotheecouteau.com\/wp-content\/uploads\/2017\/07\/ParisMove-200x300.png 200w, https:\/\/timotheecouteau.com\/wp-content\/uploads\/2017\/07\/ParisMove-768x1152.png 768w, https:\/\/timotheecouteau.com\/wp-content\/uploads\/2017\/07\/ParisMove.png 1000w\" sizes=\"auto, (max-width: 683px) 100vw, 683px\" \/><\/a><\/figure>\n<\/div>\n\n\n\n<div class=\"wp-block-column is-layout-flow wp-block-column-is-layout-flow\" style=\"flex-basis:66.66%\">\n<p>\u00ab [&#8230;] personne n\u2019ignore combien cet instrument peut s\u2019av\u00e9rer crispant, d\u00e8s lors qu\u2019il n\u2019est pas ma\u00eetris\u00e9. J\u2019en avais donc con\u00e7u une haine farouche envers cet engin de malheur, sentiment qui m\u2019accompagna pendant presque le quart de si\u00e8cle suivant. Est-ce le spectacle de Rostropovitch au pied du Mur de Berlin d\u00e9fait ? Ou celui de ces violoncellistes inconnus qui viennent jouer partout o\u00f9 se produit un attentat ? Toujours est-il que (comme pour la vari\u00e9t\u00e9 italienne, mais pour d\u2019autres raisons) je suis revenu depuis sur mon aversion initiale. Et le motif en est plus prosa\u00efque : j\u2019ai assist\u00e9 \u00e0 trois concerts du trio lillois l\u2019Hapax. Cette formation guitare-piano-violoncelle bousculait non seulement le format des musiques dites actuelles, mais \u00e9galement les certitudes auxquelles s\u2019arc-boute le plus born\u00e9 des rockers. Le violoncelliste de l\u2019Hapax, c\u2019\u00e9tait Timoth\u00e9e Couteau. Son premier album en solitaire le voit emprunter des tonalit\u00e9s tour \u00e0 tour orientales (\u201cT\u00e9h\u00e9ran\u201d, \u201cArabesques\u201d, \u201cLa Derni\u00e8re \u00c9toile\u201d), yiddish (\u201cPolygones\u201d) ou baroques, et son \u00e9coute ach\u00e8ve d\u2019emporter l\u2019adh\u00e9sion. [&#8230;] les douze pi\u00e8ces instrumentales o\u00f9 se r\u00e9pondent les violoncelles de Timoth\u00e9e Couteau campent des d\u00e9cors dont on ne s\u2019\u00e9tonnerait gu\u00e8re qu\u2019ils aboutissent en musiques de films (Monochromes\u201d, \u201cLes Miroirs \u00c9tranges\u201d, \u201cLe Tapis Volant\u201d). Atmosph\u00e9rique et captivant.\u00bb<\/p>\n<\/div>\n<\/div>\n\n\n\n<div style=\"height:100px\" aria-hidden=\"true\" class=\"wp-block-spacer\"><\/div>\n\n\n\n<h5 class=\"wp-block-heading\">Des ambiances qui int\u00e9ressent vid\u00e9astes et cin\u00e9astes<\/h5>\n\n\n\n<div class=\"wp-block-columns is-layout-flex wp-container-core-columns-is-layout-28f84493 wp-block-columns-is-layout-flex\">\n<div class=\"wp-block-column is-layout-flow wp-block-column-is-layout-flow\" style=\"flex-basis:66.66%\">\n<p>Le titre <em>Monochromes<\/em> lance le disque <em>Les Violoncelles Seuls<\/em>. La m\u00e9lodie, lancinante, est de celles qui vous accompagneront plusieurs heures apr\u00e8s la premi\u00e8re \u00e9coute.<br>Les ambiances sont tour \u00e0 tour m\u00e9di\u00e9vales, celtes ou orientales. On pense aussi parfois \u00e0 du rock voire du hard rock. D&rsquo;autres fois \u00e0 la musique baroque. L&rsquo;humeur est tant\u00f4t rageuse tant\u00f4t langoureuse, triste, myst\u00e9rieuse, effrayante ou gaie&#8230;<\/p>\n\n\n\n<p>Pas \u00e9tonnant que les titres int\u00e9ressent beaucoup de producteurs et de r\u00e9alisateurs de cin\u00e9ma ou de s\u00e9ries. Un de ses titres figure ainsi au g\u00e9n\u00e9rique de fin d&rsquo;un des \u00e9pisodes de <em>Nox<\/em>, sur Canal+<\/p>\n<\/div>\n\n\n\n<div class=\"wp-block-column is-layout-flow wp-block-column-is-layout-flow\" style=\"flex-basis:33.33%\">\n<figure class=\"wp-block-image size-large\"><a href=\"https:\/\/timotheecouteau.com\/wp-content\/uploads\/2019\/06\/montageVDN2019.jpg\"><img loading=\"lazy\" decoding=\"async\" width=\"788\" height=\"1024\" src=\"https:\/\/timotheecouteau.com\/wp-content\/uploads\/2019\/06\/montageVDN2019-788x1024.jpg\" alt=\"\" class=\"wp-image-566\" srcset=\"https:\/\/timotheecouteau.com\/wp-content\/uploads\/2019\/06\/montageVDN2019-788x1024.jpg 788w, https:\/\/timotheecouteau.com\/wp-content\/uploads\/2019\/06\/montageVDN2019-231x300.jpg 231w, https:\/\/timotheecouteau.com\/wp-content\/uploads\/2019\/06\/montageVDN2019-768x998.jpg 768w, https:\/\/timotheecouteau.com\/wp-content\/uploads\/2019\/06\/montageVDN2019.jpg 1000w\" sizes=\"auto, (max-width: 788px) 100vw, 788px\" \/><\/a><\/figure>\n<\/div>\n<\/div>\n","protected":false},"excerpt":{"rendered":"<p>Autoproduction &#8211; 2017 Les douze pi\u00e8ces instrumentales o\u00f9 se r\u00e9pondent les violoncelles de Timoth\u00e9e Couteau campent des d\u00e9cors dont on ne s\u2019\u00e9tonnerait [&hellip;]<\/p>\n","protected":false},"author":1,"featured_media":0,"parent":0,"menu_order":0,"comment_status":"closed","ping_status":"closed","template":"","meta":{"footnotes":""},"class_list":["post-723","page","type-page","status-publish","hentry"],"_links":{"self":[{"href":"https:\/\/timotheecouteau.com\/index.php\/wp-json\/wp\/v2\/pages\/723","targetHints":{"allow":["GET"]}}],"collection":[{"href":"https:\/\/timotheecouteau.com\/index.php\/wp-json\/wp\/v2\/pages"}],"about":[{"href":"https:\/\/timotheecouteau.com\/index.php\/wp-json\/wp\/v2\/types\/page"}],"author":[{"embeddable":true,"href":"https:\/\/timotheecouteau.com\/index.php\/wp-json\/wp\/v2\/users\/1"}],"replies":[{"embeddable":true,"href":"https:\/\/timotheecouteau.com\/index.php\/wp-json\/wp\/v2\/comments?post=723"}],"version-history":[{"count":11,"href":"https:\/\/timotheecouteau.com\/index.php\/wp-json\/wp\/v2\/pages\/723\/revisions"}],"predecessor-version":[{"id":1732,"href":"https:\/\/timotheecouteau.com\/index.php\/wp-json\/wp\/v2\/pages\/723\/revisions\/1732"}],"wp:attachment":[{"href":"https:\/\/timotheecouteau.com\/index.php\/wp-json\/wp\/v2\/media?parent=723"}],"curies":[{"name":"wp","href":"https:\/\/api.w.org\/{rel}","templated":true}]}}