{"id":719,"date":"2020-11-21T12:31:08","date_gmt":"2020-11-21T11:31:08","guid":{"rendered":"http:\/\/timothee.couteau.free.fr\/2016\/?page_id=719"},"modified":"2026-01-11T11:30:40","modified_gmt":"2026-01-11T11:30:40","slug":"cello-journey-universal-production-music","status":"publish","type":"page","link":"https:\/\/timotheecouteau.com\/index.php\/cello-journey-universal-production-music\/","title":{"rendered":"Cello Journey"},"content":{"rendered":"\n<h2 class=\"wp-block-heading has-text-align-right\">Universal Production Music &#8211; 2019<\/h2>\n\n\n\n<div style=\"height:100px\" aria-hidden=\"true\" class=\"wp-block-spacer\"><\/div>\n\n\n\n<blockquote class=\"wp-block-quote has-text-align-right has-global-color-9-color has-black-background-color has-text-color has-background has-link-color wp-elements-cbd8081be8e231074a6a13d9efb4fe4e is-layout-flow wp-block-quote-is-layout-flow\">\n<p class=\"has-global-color-9-color has-text-color has-link-color wp-elements-0430ddca0d719430f769a7d6182bab95\">\u00ab\u00a0<em>A l&rsquo;heure o\u00f9 tous les studios empilent, ajoutent, \u00e9qualisent, masterisent, je voulais revenir au son du bois, avec mon seul instrument.<\/em><\/p>\n\n\n\n<p class=\"has-global-color-9-color has-text-color has-link-color wp-elements-8505bbab06f89cf255ee22635a835a03\"><em>En cherchant \u00e0 le faire sonner dans tous ses timbres, dans toutes ses couleurs, en cherchant ses vibrations propres, en le faisant se r\u00e9pondre \u00e0 lui-m\u00eame, en le laissant vivre, j&rsquo;ai\u00a0enregistr\u00e9 11 nouveaux titres, comme onze paysages sonores&#8230;<\/em><\/p>\n<cite>T. C.<\/cite><\/blockquote>\n\n\n\n<figure class=\"wp-block-embed is-type-rich is-provider-spotify wp-block-embed-spotify wp-embed-aspect-21-9 wp-has-aspect-ratio\"><div class=\"wp-block-embed__wrapper\">\n<iframe title=\"Spotify Embed: Emotion - Cello Journey\" style=\"border-radius: 12px\" width=\"100%\" height=\"352\" frameborder=\"0\" allowfullscreen allow=\"autoplay; clipboard-write; encrypted-media; fullscreen; picture-in-picture\" loading=\"lazy\" src=\"https:\/\/open.spotify.com\/embed\/album\/6xrfPQu93oB7W4eZcwBV0M?utm_source=oembed\"><\/iframe>\n<\/div><\/figure>\n\n\n\n<p class=\"has-text-align-center\"><a href=\"https:\/\/www.universalproductionmusic.com\/fr-fr\/discover\/albums\/19189\/EMOTION-Cello-Journey\" target=\"_blank\" rel=\"noopener\">Ecoutez l&rsquo;album sur le site de Universal Production Music<\/a><\/p>\n\n\n\n<p class=\"has-text-align-center\">&nbsp;<\/p>\n\n\n\n<p class=\"has-text-align-center\">&nbsp;<\/p>\n\n\n\n<div style=\"height:100px\" aria-hidden=\"true\" class=\"wp-block-spacer\"><\/div>\n\n\n\n<p class=\"has-text-align-center\">&nbsp;<\/p>\n\n\n\n<p class=\"has-text-align-center\">&nbsp;<\/p>\n\n\n\n<p class=\"has-text-align-center\">Deux titres de <em>Cello Journey<\/em> sont \u00e9galement pr\u00e9sents sur les compilations de musique \u00e0 l&rsquo;image :&nbsp;<\/p>\n\n\n\n<p class=\"has-text-align-center\">&nbsp;<\/p>\n\n\n\n<p class=\"has-text-align-center\">&nbsp;<\/p>\n\n\n\n<div class=\"wp-block-columns is-layout-flex wp-container-core-columns-is-layout-28f84493 wp-block-columns-is-layout-flex\">\n<div class=\"wp-block-column is-layout-flow wp-block-column-is-layout-flow\">\n<figure class=\"wp-block-image aligncenter is-resized\"><img loading=\"lazy\" decoding=\"async\" width=\"370\" height=\"370\" src=\"https:\/\/timotheecouteau.com\/wp-content\/uploads\/2016\/08\/koka-media-sad-emotional.jpg\" alt=\"\" class=\"wp-image-714\" style=\"width:235px;height:auto\" srcset=\"https:\/\/timotheecouteau.com\/wp-content\/uploads\/2016\/08\/koka-media-sad-emotional.jpg 370w, https:\/\/timotheecouteau.com\/wp-content\/uploads\/2016\/08\/koka-media-sad-emotional-300x300.jpg 300w, https:\/\/timotheecouteau.com\/wp-content\/uploads\/2016\/08\/koka-media-sad-emotional-150x150.jpg 150w\" sizes=\"auto, (max-width: 370px) 100vw, 370px\" \/><\/figure>\n<\/div>\n\n\n\n<div class=\"wp-block-column is-layout-flow wp-block-column-is-layout-flow\">\n<figure class=\"wp-block-image aligncenter is-resized\"><img loading=\"lazy\" decoding=\"async\" width=\"370\" height=\"370\" src=\"https:\/\/timotheecouteau.com\/wp-content\/uploads\/2016\/08\/koka-media-tension.jpg\" alt=\"\" class=\"wp-image-715\" style=\"width:235px;height:auto\" srcset=\"https:\/\/timotheecouteau.com\/wp-content\/uploads\/2016\/08\/koka-media-tension.jpg 370w, https:\/\/timotheecouteau.com\/wp-content\/uploads\/2016\/08\/koka-media-tension-300x300.jpg 300w, https:\/\/timotheecouteau.com\/wp-content\/uploads\/2016\/08\/koka-media-tension-150x150.jpg 150w\" sizes=\"auto, (max-width: 370px) 100vw, 370px\" \/><\/figure>\n<\/div>\n<\/div>\n\n\n\n<p class=\"has-text-align-center\">&nbsp;<\/p>\n","protected":false},"excerpt":{"rendered":"<p>Universal Production Music &#8211; 2019 \u00ab\u00a0A l&rsquo;heure o\u00f9 tous les studios empilent, ajoutent, \u00e9qualisent, masterisent, je voulais revenir au son du bois, [&hellip;]<\/p>\n","protected":false},"author":1,"featured_media":0,"parent":0,"menu_order":0,"comment_status":"closed","ping_status":"closed","template":"","meta":{"footnotes":""},"class_list":["post-719","page","type-page","status-publish","hentry"],"_links":{"self":[{"href":"https:\/\/timotheecouteau.com\/index.php\/wp-json\/wp\/v2\/pages\/719","targetHints":{"allow":["GET"]}}],"collection":[{"href":"https:\/\/timotheecouteau.com\/index.php\/wp-json\/wp\/v2\/pages"}],"about":[{"href":"https:\/\/timotheecouteau.com\/index.php\/wp-json\/wp\/v2\/types\/page"}],"author":[{"embeddable":true,"href":"https:\/\/timotheecouteau.com\/index.php\/wp-json\/wp\/v2\/users\/1"}],"replies":[{"embeddable":true,"href":"https:\/\/timotheecouteau.com\/index.php\/wp-json\/wp\/v2\/comments?post=719"}],"version-history":[{"count":5,"href":"https:\/\/timotheecouteau.com\/index.php\/wp-json\/wp\/v2\/pages\/719\/revisions"}],"predecessor-version":[{"id":1784,"href":"https:\/\/timotheecouteau.com\/index.php\/wp-json\/wp\/v2\/pages\/719\/revisions\/1784"}],"wp:attachment":[{"href":"https:\/\/timotheecouteau.com\/index.php\/wp-json\/wp\/v2\/media?parent=719"}],"curies":[{"name":"wp","href":"https:\/\/api.w.org\/{rel}","templated":true}]}}