{"id":1850,"date":"2026-02-27T11:02:35","date_gmt":"2026-02-27T11:02:35","guid":{"rendered":"https:\/\/timotheecouteau.com\/?page_id=1850"},"modified":"2026-03-12T20:03:16","modified_gmt":"2026-03-12T20:03:16","slug":"improvisation","status":"publish","type":"page","link":"https:\/\/timotheecouteau.com\/index.php\/improvisation\/","title":{"rendered":"Improvisation"},"content":{"rendered":"\n<div style=\"height:100px\" aria-hidden=\"true\" class=\"wp-block-spacer\"><\/div>\n\n\n\n<p>Un projet initi\u00e9 lors d&rsquo;une r\u00e9sidence \u00e0 l&rsquo;abbaye de Maubuisson, jou\u00e9 pour la premi\u00e8re fois \u00e0 l&rsquo;occasion du vernissage et dans l&rsquo;exposition de Yosra Mojtahedi, InKarna.<\/p>\n\n\n\n<p> En cours d&rsquo;\u00e9criture&#8230;<\/p>\n\n\n\n<figure class=\"wp-block-image aligncenter size-large is-resized\"><img loading=\"lazy\" decoding=\"async\" width=\"768\" height=\"1024\" src=\"https:\/\/timotheecouteau.com\/wp-content\/uploads\/2026\/02\/Improvisation-1-768x1024.jpg\" alt=\"\" class=\"wp-image-1858\" style=\"width:369px;height:auto\" srcset=\"https:\/\/timotheecouteau.com\/wp-content\/uploads\/2026\/02\/Improvisation-1-768x1024.jpg 768w, https:\/\/timotheecouteau.com\/wp-content\/uploads\/2026\/02\/Improvisation-1-225x300.jpg 225w, https:\/\/timotheecouteau.com\/wp-content\/uploads\/2026\/02\/Improvisation-1-1152x1536.jpg 1152w, https:\/\/timotheecouteau.com\/wp-content\/uploads\/2026\/02\/Improvisation-1-1536x2048.jpg 1536w, https:\/\/timotheecouteau.com\/wp-content\/uploads\/2026\/02\/Improvisation-1-1000x1333.jpg 1000w, https:\/\/timotheecouteau.com\/wp-content\/uploads\/2026\/02\/Improvisation-1-230x307.jpg 230w, https:\/\/timotheecouteau.com\/wp-content\/uploads\/2026\/02\/Improvisation-1-350x467.jpg 350w, https:\/\/timotheecouteau.com\/wp-content\/uploads\/2026\/02\/Improvisation-1-480x640.jpg 480w, https:\/\/timotheecouteau.com\/wp-content\/uploads\/2026\/02\/Improvisation-1-scaled.jpg 1920w\" sizes=\"auto, (max-width: 768px) 100vw, 768px\" \/><\/figure>\n","protected":false},"excerpt":{"rendered":"<p>Un projet initi\u00e9 lors d&rsquo;une r\u00e9sidence \u00e0 l&rsquo;abbaye de Maubuisson, jou\u00e9 pour la premi\u00e8re fois \u00e0 l&rsquo;occasion du vernissage et dans l&rsquo;exposition [&hellip;]<\/p>\n","protected":false},"author":1,"featured_media":0,"parent":0,"menu_order":0,"comment_status":"closed","ping_status":"closed","template":"","meta":{"footnotes":""},"class_list":["post-1850","page","type-page","status-publish","hentry"],"_links":{"self":[{"href":"https:\/\/timotheecouteau.com\/index.php\/wp-json\/wp\/v2\/pages\/1850","targetHints":{"allow":["GET"]}}],"collection":[{"href":"https:\/\/timotheecouteau.com\/index.php\/wp-json\/wp\/v2\/pages"}],"about":[{"href":"https:\/\/timotheecouteau.com\/index.php\/wp-json\/wp\/v2\/types\/page"}],"author":[{"embeddable":true,"href":"https:\/\/timotheecouteau.com\/index.php\/wp-json\/wp\/v2\/users\/1"}],"replies":[{"embeddable":true,"href":"https:\/\/timotheecouteau.com\/index.php\/wp-json\/wp\/v2\/comments?post=1850"}],"version-history":[{"count":5,"href":"https:\/\/timotheecouteau.com\/index.php\/wp-json\/wp\/v2\/pages\/1850\/revisions"}],"predecessor-version":[{"id":1868,"href":"https:\/\/timotheecouteau.com\/index.php\/wp-json\/wp\/v2\/pages\/1850\/revisions\/1868"}],"wp:attachment":[{"href":"https:\/\/timotheecouteau.com\/index.php\/wp-json\/wp\/v2\/media?parent=1850"}],"curies":[{"name":"wp","href":"https:\/\/api.w.org\/{rel}","templated":true}]}}