{"id":1667,"date":"2026-01-01T09:32:02","date_gmt":"2026-01-01T09:32:02","guid":{"rendered":"https:\/\/timotheecouteau.com\/?page_id=1667"},"modified":"2026-02-02T13:05:03","modified_gmt":"2026-02-02T13:05:03","slug":"une-foret-de-violoncelles","status":"publish","type":"page","link":"https:\/\/timotheecouteau.com\/index.php\/une-foret-de-violoncelles\/","title":{"rendered":"Une For\u00eat de Violoncelles"},"content":{"rendered":"\n<h2 class=\"wp-block-heading has-text-align-right\">Cr\u00e9ation 2025-2026<\/h2>\n\n\n\n<div style=\"height:100px\" aria-hidden=\"true\" class=\"wp-block-spacer\"><\/div>\n\n\n\n<figure class=\"wp-block-image size-large\"><img loading=\"lazy\" decoding=\"async\" width=\"1024\" height=\"768\" src=\"https:\/\/timotheecouteau.com\/wp-content\/uploads\/2024\/08\/UneForetdeVioloncelles-TimotheeCouteau-LD-scaled-1-1024x768.jpg\" alt=\"\" class=\"wp-image-1286\" srcset=\"https:\/\/timotheecouteau.com\/wp-content\/uploads\/2024\/08\/UneForetdeVioloncelles-TimotheeCouteau-LD-scaled-1-1024x768.jpg 1024w, https:\/\/timotheecouteau.com\/wp-content\/uploads\/2024\/08\/UneForetdeVioloncelles-TimotheeCouteau-LD-scaled-1-300x225.jpg 300w, https:\/\/timotheecouteau.com\/wp-content\/uploads\/2024\/08\/UneForetdeVioloncelles-TimotheeCouteau-LD-scaled-1-768x576.jpg 768w, https:\/\/timotheecouteau.com\/wp-content\/uploads\/2024\/08\/UneForetdeVioloncelles-TimotheeCouteau-LD-scaled-1-1536x1152.jpg 1536w, https:\/\/timotheecouteau.com\/wp-content\/uploads\/2024\/08\/UneForetdeVioloncelles-TimotheeCouteau-LD-scaled-1-2048x1536.jpg 2048w\" sizes=\"auto, (max-width: 1024px) 100vw, 1024px\" \/><\/figure>\n\n\n\n<div style=\"height:100px\" aria-hidden=\"true\" class=\"wp-block-spacer\"><\/div>\n\n\n\n<p>Des violoncelles suspendus aux branches qui font \u00e9cho au musicien ancr\u00e9 au sol. Timoth\u00e9e Couteau joue au pied d\u2019un arbre et au c\u0153ur d\u2019une installation acoustique, \u00e0 la fois sculpture sonore et orchestre a\u00e9rien.<\/p>\n\n\n\n<p>Un concert acoustique o\u00f9 le bois est au centre : celui de l\u2019arbre vivant et celui des instruments vibrants. Dans la musique et la narration, les violoncelles sont ainsi li\u00e9s \u00e0 leur vie ant\u00e9rieure\u2026 Les m\u00e9lodies bourgeonnent, le souffle du vent se m\u00eale aux notes, et les emporte comme les feuilles en automne.<\/p>\n\n\n\n<p>Le concert est avant tout pens\u00e9 pour \u00eatre jou\u00e9 dans l\u2019espace public, pour des petites jauges, au pied d\u2019un arbre, pour retrouver le son acoustique des instruments. Ceux-ci sont suspendus dans les branches, et tournent avec le vent. Le public se reconnecte \u00e0 la nature, et les oreilles ouvertes red\u00e9couvrent les piaillements des oiseaux, le bruissement des feuilles et le souffle de l\u2019air.&nbsp;<br><\/p>\n\n\n\n<div style=\"height:100px\" aria-hidden=\"true\" class=\"wp-block-spacer\"><\/div>\n\n\n\n<h6 class=\"wp-block-heading\">Vid\u00e9o<\/h6>\n\n\n\n<figure class=\"wp-block-embed is-type-video is-provider-youtube wp-block-embed-youtube wp-embed-aspect-16-9 wp-has-aspect-ratio\"><div class=\"wp-block-embed__wrapper\">\n<iframe loading=\"lazy\" title=\"Polychromes (live) -Timoth\u00e9e Couteau\" width=\"1170\" height=\"658\" src=\"https:\/\/www.youtube.com\/embed\/ZbPe-Vd55-4?feature=oembed\" frameborder=\"0\" allow=\"accelerometer; autoplay; clipboard-write; encrypted-media; gyroscope; picture-in-picture; web-share\" referrerpolicy=\"strict-origin-when-cross-origin\" allowfullscreen><\/iframe>\n<\/div><\/figure>\n\n\n\n<div style=\"height:100px\" aria-hidden=\"true\" class=\"wp-block-spacer\"><\/div>\n\n\n\n<h5 class=\"wp-block-heading\">Partenaires<\/h5>\n\n\n\n<p><\/p>\n\n\n\n<figure class=\"wp-block-image size-full is-resized\"><img loading=\"lazy\" decoding=\"async\" width=\"153\" height=\"193\" src=\"https:\/\/timotheecouteau.com\/wp-content\/uploads\/2026\/01\/Logo-B-plein.png\" alt=\"\" class=\"wp-image-1739\" style=\"width:92px;height:auto\"\/><\/figure>\n","protected":false},"excerpt":{"rendered":"<p>Cr\u00e9ation 2025-2026 Des violoncelles suspendus aux branches qui font \u00e9cho au musicien ancr\u00e9 au sol. Timoth\u00e9e Couteau joue au pied d\u2019un arbre [&hellip;]<\/p>\n","protected":false},"author":1,"featured_media":0,"parent":0,"menu_order":0,"comment_status":"closed","ping_status":"closed","template":"","meta":{"footnotes":""},"class_list":["post-1667","page","type-page","status-publish","hentry"],"_links":{"self":[{"href":"https:\/\/timotheecouteau.com\/index.php\/wp-json\/wp\/v2\/pages\/1667","targetHints":{"allow":["GET"]}}],"collection":[{"href":"https:\/\/timotheecouteau.com\/index.php\/wp-json\/wp\/v2\/pages"}],"about":[{"href":"https:\/\/timotheecouteau.com\/index.php\/wp-json\/wp\/v2\/types\/page"}],"author":[{"embeddable":true,"href":"https:\/\/timotheecouteau.com\/index.php\/wp-json\/wp\/v2\/users\/1"}],"replies":[{"embeddable":true,"href":"https:\/\/timotheecouteau.com\/index.php\/wp-json\/wp\/v2\/comments?post=1667"}],"version-history":[{"count":4,"href":"https:\/\/timotheecouteau.com\/index.php\/wp-json\/wp\/v2\/pages\/1667\/revisions"}],"predecessor-version":[{"id":1810,"href":"https:\/\/timotheecouteau.com\/index.php\/wp-json\/wp\/v2\/pages\/1667\/revisions\/1810"}],"wp:attachment":[{"href":"https:\/\/timotheecouteau.com\/index.php\/wp-json\/wp\/v2\/media?parent=1667"}],"curies":[{"name":"wp","href":"https:\/\/api.w.org\/{rel}","templated":true}]}}