{"id":1622,"date":"2026-01-01T08:36:18","date_gmt":"2026-01-01T08:36:18","guid":{"rendered":"https:\/\/timotheecouteau.com\/?page_id=1622"},"modified":"2026-01-28T16:30:52","modified_gmt":"2026-01-28T16:30:52","slug":"musiques-pour-violoncelles-seuls","status":"publish","type":"page","link":"https:\/\/timotheecouteau.com\/index.php\/musiques-pour-violoncelles-seuls\/","title":{"rendered":"Musiques Pour Violoncelles Seuls"},"content":{"rendered":"\n<blockquote class=\"wp-block-quote has-text-align-right has-global-color-5-color has-black-background-color has-text-color has-background has-link-color wp-elements-a654c37dde377651cefc6e9af57fc0a5 is-layout-flow wp-block-quote-is-layout-flow\" style=\"font-style:italic;font-weight:500\">\n<p class=\"has-global-color-8-color has-text-color has-link-color wp-elements-273450575815ec32d8b55d07ae928018\"> \u00ab\u00a0Un dialogue po\u00e9tique et un univers singulier et finement ma\u00eetris\u00e9 [&#8230;] Une exp\u00e9rience sonore et sensorielle incroyable\u00a0\u00bb<\/p>\n<cite>La VOIX DU NORD<\/cite><\/blockquote>\n\n\n\n<div style=\"height:100px\" aria-hidden=\"true\" class=\"wp-block-spacer\"><\/div>\n\n\n\n<figure class=\"wp-block-embed is-type-video is-provider-youtube wp-block-embed-youtube wp-embed-aspect-16-9 wp-has-aspect-ratio\"><div class=\"wp-block-embed__wrapper\">\n<iframe loading=\"lazy\" title=\"Musiques pour Violoncelles Seuls - Timoth\u00e9e Couteau\" width=\"1170\" height=\"658\" src=\"https:\/\/www.youtube.com\/embed\/dulaJGcxr7k?feature=oembed\" frameborder=\"0\" allow=\"accelerometer; autoplay; clipboard-write; encrypted-media; gyroscope; picture-in-picture; web-share\" referrerpolicy=\"strict-origin-when-cross-origin\" allowfullscreen><\/iframe>\n<\/div><\/figure>\n\n\n\n<div style=\"height:100px\" aria-hidden=\"true\" class=\"wp-block-spacer\"><\/div>\n\n\n\n<p class=\"has-text-align-left\">\u00abMusiques pour Violoncelles Seuls?\u00bb met en sc\u00e8ne Timoth\u00e9e COUTEAU seul sur sc\u00e8ne, jouant sur un violoncelle \u00e9quip\u00e9 de capteurs qui transmettent ses vibrations \u00e0 d\u2019autres violoncelles dispos\u00e9s autour de lui via des vibreurs. Ces instruments \u201cr\u00e9sonnent\u201d en live, cr\u00e9ant des boucles acoustiques qui donnent l\u2019impression d\u2019un ensemble de plusieurs violoncellistes. La musique, restitu\u00e9e par le bois naturel des instruments, valorise leur chaleur et leur vibration, tandis que la sc\u00e9nographie c\u00e9l\u00e8bre le lien intime entre le musicien et son instrument pour un concert vivant et accessible \u00e0 tous.<\/p>\n\n\n\n<div style=\"height:100px\" aria-hidden=\"true\" class=\"wp-block-spacer\"><\/div>\n\n\n\n<h6 class=\"wp-block-heading\">Dates Marquantes<\/h6>\n\n\n\n<p>Le Grand Mix (Tourcoing) &#8211; Le Mans Sonore &#8211; Mus\u00e9e des Beaux Arts de Calais<\/p>\n\n\n\n<div style=\"height:100px\" aria-hidden=\"true\" class=\"wp-block-spacer\"><\/div>\n\n\n\n<h6 class=\"wp-block-heading\">Presse<\/h6>\n\n\n\n<div class=\"wp-block-columns is-layout-flex wp-container-core-columns-is-layout-28f84493 wp-block-columns-is-layout-flex\">\n<div class=\"wp-block-column is-layout-flow wp-block-column-is-layout-flow\">\n<figure data-wp-context=\"{&quot;imageId&quot;:&quot;69e4b852ed298&quot;}\" data-wp-interactive=\"core\/image\" data-wp-key=\"69e4b852ed298\" class=\"wp-block-image size-full wp-lightbox-container\"><img loading=\"lazy\" decoding=\"async\" width=\"485\" height=\"670\" data-wp-class--hide=\"state.isContentHidden\" data-wp-class--show=\"state.isContentVisible\" data-wp-init=\"callbacks.setButtonStyles\" data-wp-on--click=\"actions.showLightbox\" data-wp-on--load=\"callbacks.setButtonStyles\" data-wp-on-window--resize=\"callbacks.setButtonStyles\" src=\"https:\/\/timotheecouteau.com\/wp-content\/uploads\/2025\/05\/NordLitt.jpg\" alt=\"\" class=\"wp-image-1431\" srcset=\"https:\/\/timotheecouteau.com\/wp-content\/uploads\/2025\/05\/NordLitt.jpg 485w, https:\/\/timotheecouteau.com\/wp-content\/uploads\/2025\/05\/NordLitt-217x300.jpg 217w\" sizes=\"auto, (max-width: 485px) 100vw, 485px\" \/><button\n\t\t\tclass=\"lightbox-trigger\"\n\t\t\ttype=\"button\"\n\t\t\taria-haspopup=\"dialog\"\n\t\t\taria-label=\"Agrandir\"\n\t\t\tdata-wp-init=\"callbacks.initTriggerButton\"\n\t\t\tdata-wp-on--click=\"actions.showLightbox\"\n\t\t\tdata-wp-style--right=\"state.imageButtonRight\"\n\t\t\tdata-wp-style--top=\"state.imageButtonTop\"\n\t\t>\n\t\t\t<svg xmlns=\"http:\/\/www.w3.org\/2000\/svg\" width=\"12\" height=\"12\" fill=\"none\" viewBox=\"0 0 12 12\">\n\t\t\t\t<path fill=\"#fff\" d=\"M2 0a2 2 0 0 0-2 2v2h1.5V2a.5.5 0 0 1 .5-.5h2V0H2Zm2 10.5H2a.5.5 0 0 1-.5-.5V8H0v2a2 2 0 0 0 2 2h2v-1.5ZM8 12v-1.5h2a.5.5 0 0 0 .5-.5V8H12v2a2 2 0 0 1-2 2H8Zm2-12a2 2 0 0 1 2 2v2h-1.5V2a.5.5 0 0 0-.5-.5H8V0h2Z\" \/>\n\t\t\t<\/svg>\n\t\t<\/button><\/figure>\n<\/div>\n\n\n\n<div class=\"wp-block-column is-layout-flow wp-block-column-is-layout-flow\" style=\"flex-basis:110px\">\n<figure class=\"wp-block-image size-large is-resized\"><a href=\"https:\/\/timotheecouteau.com\/wp-content\/uploads\/2023\/07\/2023-07-Infotoutcourt.png\"><img loading=\"lazy\" decoding=\"async\" width=\"330\" height=\"1024\" src=\"https:\/\/timotheecouteau.com\/wp-content\/uploads\/2023\/07\/2023-07-Infotoutcourt-330x1024.png\" alt=\"l'info tout court, musiques pour violoncelles seuls, article Avignon 2023\" class=\"wp-image-1041\" style=\"aspect-ratio:0.32227131135859277;width:110px;height:auto\" srcset=\"https:\/\/timotheecouteau.com\/wp-content\/uploads\/2023\/07\/2023-07-Infotoutcourt-330x1024.png 330w, https:\/\/timotheecouteau.com\/wp-content\/uploads\/2023\/07\/2023-07-Infotoutcourt-97x300.png 97w, https:\/\/timotheecouteau.com\/wp-content\/uploads\/2023\/07\/2023-07-Infotoutcourt-768x2381.png 768w, https:\/\/timotheecouteau.com\/wp-content\/uploads\/2023\/07\/2023-07-Infotoutcourt-495x1536.png 495w, https:\/\/timotheecouteau.com\/wp-content\/uploads\/2023\/07\/2023-07-Infotoutcourt.png 800w\" sizes=\"auto, (max-width: 330px) 100vw, 330px\" \/><\/a><\/figure>\n<\/div>\n\n\n\n<div class=\"wp-block-column is-layout-flow wp-block-column-is-layout-flow\">\n<figure class=\"wp-block-image size-full\"><a href=\"https:\/\/timotheecouteau.com\/wp-content\/uploads\/2016\/10\/nord_littoral-2021.png\"><img loading=\"lazy\" decoding=\"async\" width=\"460\" height=\"650\" src=\"https:\/\/timotheecouteau.com\/wp-content\/uploads\/2016\/10\/nord_littoral-2021.png\" alt=\"\" class=\"wp-image-881\" srcset=\"https:\/\/timotheecouteau.com\/wp-content\/uploads\/2016\/10\/nord_littoral-2021.png 460w, https:\/\/timotheecouteau.com\/wp-content\/uploads\/2016\/10\/nord_littoral-2021-212x300.png 212w\" sizes=\"auto, (max-width: 460px) 100vw, 460px\" \/><\/a><\/figure>\n<\/div>\n<\/div>\n\n\n\n<div style=\"height:100px\" aria-hidden=\"true\" class=\"wp-block-spacer\"><\/div>\n\n\n\n<h5 class=\"wp-block-heading\">Partenaires<\/h5>\n\n\n\n<div class=\"wp-block-columns is-layout-flex wp-container-core-columns-is-layout-28f84493 wp-block-columns-is-layout-flex\">\n<div class=\"wp-block-column is-layout-flow wp-block-column-is-layout-flow\">\n<figure class=\"wp-block-image aligncenter size-large is-resized\"><img loading=\"lazy\" decoding=\"async\" width=\"1024\" height=\"228\" src=\"https:\/\/timotheecouteau.com\/wp-content\/uploads\/2023\/10\/Logo-Region-HDF-partenaire-scaled-1-1024x228.jpg\" alt=\"R\u00e9gion Haut de France\" class=\"wp-image-1128\" style=\"aspect-ratio:4.491845336265348;width:200px;height:auto\" srcset=\"https:\/\/timotheecouteau.com\/wp-content\/uploads\/2023\/10\/Logo-Region-HDF-partenaire-scaled-1-1024x228.jpg 1024w, https:\/\/timotheecouteau.com\/wp-content\/uploads\/2023\/10\/Logo-Region-HDF-partenaire-scaled-1-300x67.jpg 300w, https:\/\/timotheecouteau.com\/wp-content\/uploads\/2023\/10\/Logo-Region-HDF-partenaire-scaled-1-768x171.jpg 768w, https:\/\/timotheecouteau.com\/wp-content\/uploads\/2023\/10\/Logo-Region-HDF-partenaire-scaled-1-1536x341.jpg 1536w, https:\/\/timotheecouteau.com\/wp-content\/uploads\/2023\/10\/Logo-Region-HDF-partenaire-scaled-1-2048x455.jpg 2048w\" sizes=\"auto, (max-width: 1024px) 100vw, 1024px\" \/><\/figure>\n<\/div>\n\n\n\n<div class=\"wp-block-column is-layout-flow wp-block-column-is-layout-flow\">\n<figure class=\"wp-block-image aligncenter size-large\"><img loading=\"lazy\" decoding=\"async\" width=\"1024\" height=\"175\" src=\"https:\/\/timotheecouteau.com\/wp-content\/uploads\/2026\/01\/logo_lms-1024x175.png\" alt=\"\" class=\"wp-image-1748\" style=\"aspect-ratio:5.851756007393715\" srcset=\"https:\/\/timotheecouteau.com\/wp-content\/uploads\/2026\/01\/logo_lms-1024x175.png 1024w, https:\/\/timotheecouteau.com\/wp-content\/uploads\/2026\/01\/logo_lms-300x51.png 300w, https:\/\/timotheecouteau.com\/wp-content\/uploads\/2026\/01\/logo_lms-768x131.png 768w, https:\/\/timotheecouteau.com\/wp-content\/uploads\/2026\/01\/logo_lms-1536x263.png 1536w, https:\/\/timotheecouteau.com\/wp-content\/uploads\/2026\/01\/logo_lms-2048x350.png 2048w, https:\/\/timotheecouteau.com\/wp-content\/uploads\/2026\/01\/logo_lms-1000x171.png 1000w, https:\/\/timotheecouteau.com\/wp-content\/uploads\/2026\/01\/logo_lms-230x39.png 230w, https:\/\/timotheecouteau.com\/wp-content\/uploads\/2026\/01\/logo_lms-350x60.png 350w, https:\/\/timotheecouteau.com\/wp-content\/uploads\/2026\/01\/logo_lms-480x82.png 480w\" sizes=\"auto, (max-width: 1024px) 100vw, 1024px\" \/><\/figure>\n<\/div>\n\n\n\n<div class=\"wp-block-column is-layout-flow wp-block-column-is-layout-flow\">\n<figure class=\"wp-block-image aligncenter size-full is-resized\"><img loading=\"lazy\" decoding=\"async\" width=\"336\" height=\"158\" src=\"https:\/\/timotheecouteau.com\/wp-content\/uploads\/2025\/12\/logo-ITEMM.png\" alt=\"\" class=\"wp-image-1563\" style=\"width:96px;height:auto\" srcset=\"https:\/\/timotheecouteau.com\/wp-content\/uploads\/2025\/12\/logo-ITEMM.png 336w, https:\/\/timotheecouteau.com\/wp-content\/uploads\/2025\/12\/logo-ITEMM-300x141.png 300w, https:\/\/timotheecouteau.com\/wp-content\/uploads\/2025\/12\/logo-ITEMM-230x108.png 230w\" sizes=\"auto, (max-width: 336px) 100vw, 336px\" \/><\/figure>\n<\/div>\n<\/div>\n\n\n\n<div style=\"height:100px\" aria-hidden=\"true\" class=\"wp-block-spacer\"><\/div>\n\n\n\n<h6 class=\"wp-block-heading\">Photos<\/h6>\n\n\n\n<div class=\"wp-block-columns is-layout-flex wp-container-core-columns-is-layout-28f84493 wp-block-columns-is-layout-flex\">\n<div class=\"wp-block-column is-layout-flow wp-block-column-is-layout-flow\">\n<figure data-wp-context=\"{&quot;imageId&quot;:&quot;69e4b852eddbb&quot;}\" data-wp-interactive=\"core\/image\" data-wp-key=\"69e4b852eddbb\" class=\"wp-block-image size-large wp-lightbox-container\"><img loading=\"lazy\" decoding=\"async\" width=\"1024\" height=\"576\" data-wp-class--hide=\"state.isContentHidden\" data-wp-class--show=\"state.isContentVisible\" data-wp-init=\"callbacks.setButtonStyles\" data-wp-on--click=\"actions.showLightbox\" data-wp-on--load=\"callbacks.setButtonStyles\" data-wp-on-window--resize=\"callbacks.setButtonStyles\" src=\"https:\/\/timotheecouteau.com\/wp-content\/uploads\/2026\/01\/02-1024x576.jpg\" alt=\"\" class=\"wp-image-1794\" srcset=\"https:\/\/timotheecouteau.com\/wp-content\/uploads\/2026\/01\/02-1024x576.jpg 1024w, https:\/\/timotheecouteau.com\/wp-content\/uploads\/2026\/01\/02-300x169.jpg 300w, https:\/\/timotheecouteau.com\/wp-content\/uploads\/2026\/01\/02-768x432.jpg 768w, https:\/\/timotheecouteau.com\/wp-content\/uploads\/2026\/01\/02-1536x864.jpg 1536w, https:\/\/timotheecouteau.com\/wp-content\/uploads\/2026\/01\/02-2048x1152.jpg 2048w, https:\/\/timotheecouteau.com\/wp-content\/uploads\/2026\/01\/02-1000x563.jpg 1000w, https:\/\/timotheecouteau.com\/wp-content\/uploads\/2026\/01\/02-230x129.jpg 230w, https:\/\/timotheecouteau.com\/wp-content\/uploads\/2026\/01\/02-350x197.jpg 350w, https:\/\/timotheecouteau.com\/wp-content\/uploads\/2026\/01\/02-480x270.jpg 480w\" sizes=\"auto, (max-width: 1024px) 100vw, 1024px\" \/><button\n\t\t\tclass=\"lightbox-trigger\"\n\t\t\ttype=\"button\"\n\t\t\taria-haspopup=\"dialog\"\n\t\t\taria-label=\"Agrandir\"\n\t\t\tdata-wp-init=\"callbacks.initTriggerButton\"\n\t\t\tdata-wp-on--click=\"actions.showLightbox\"\n\t\t\tdata-wp-style--right=\"state.imageButtonRight\"\n\t\t\tdata-wp-style--top=\"state.imageButtonTop\"\n\t\t>\n\t\t\t<svg xmlns=\"http:\/\/www.w3.org\/2000\/svg\" width=\"12\" height=\"12\" fill=\"none\" viewBox=\"0 0 12 12\">\n\t\t\t\t<path fill=\"#fff\" d=\"M2 0a2 2 0 0 0-2 2v2h1.5V2a.5.5 0 0 1 .5-.5h2V0H2Zm2 10.5H2a.5.5 0 0 1-.5-.5V8H0v2a2 2 0 0 0 2 2h2v-1.5ZM8 12v-1.5h2a.5.5 0 0 0 .5-.5V8H12v2a2 2 0 0 1-2 2H8Zm2-12a2 2 0 0 1 2 2v2h-1.5V2a.5.5 0 0 0-.5-.5H8V0h2Z\" \/>\n\t\t\t<\/svg>\n\t\t<\/button><\/figure>\n<\/div>\n\n\n\n<div class=\"wp-block-column is-layout-flow wp-block-column-is-layout-flow\">\n<figure data-wp-context=\"{&quot;imageId&quot;:&quot;69e4b852ee3d9&quot;}\" data-wp-interactive=\"core\/image\" data-wp-key=\"69e4b852ee3d9\" class=\"wp-block-image size-large wp-lightbox-container\"><img loading=\"lazy\" decoding=\"async\" width=\"1024\" height=\"576\" data-wp-class--hide=\"state.isContentHidden\" data-wp-class--show=\"state.isContentVisible\" data-wp-init=\"callbacks.setButtonStyles\" data-wp-on--click=\"actions.showLightbox\" data-wp-on--load=\"callbacks.setButtonStyles\" data-wp-on-window--resize=\"callbacks.setButtonStyles\" src=\"https:\/\/timotheecouteau.com\/wp-content\/uploads\/2026\/01\/28-1024x576.jpg\" alt=\"\" class=\"wp-image-1793\" srcset=\"https:\/\/timotheecouteau.com\/wp-content\/uploads\/2026\/01\/28-1024x576.jpg 1024w, https:\/\/timotheecouteau.com\/wp-content\/uploads\/2026\/01\/28-300x169.jpg 300w, https:\/\/timotheecouteau.com\/wp-content\/uploads\/2026\/01\/28-768x432.jpg 768w, https:\/\/timotheecouteau.com\/wp-content\/uploads\/2026\/01\/28-1536x864.jpg 1536w, https:\/\/timotheecouteau.com\/wp-content\/uploads\/2026\/01\/28-2048x1152.jpg 2048w, https:\/\/timotheecouteau.com\/wp-content\/uploads\/2026\/01\/28-1000x563.jpg 1000w, https:\/\/timotheecouteau.com\/wp-content\/uploads\/2026\/01\/28-230x129.jpg 230w, https:\/\/timotheecouteau.com\/wp-content\/uploads\/2026\/01\/28-350x197.jpg 350w, https:\/\/timotheecouteau.com\/wp-content\/uploads\/2026\/01\/28-480x270.jpg 480w\" sizes=\"auto, (max-width: 1024px) 100vw, 1024px\" \/><button\n\t\t\tclass=\"lightbox-trigger\"\n\t\t\ttype=\"button\"\n\t\t\taria-haspopup=\"dialog\"\n\t\t\taria-label=\"Agrandir\"\n\t\t\tdata-wp-init=\"callbacks.initTriggerButton\"\n\t\t\tdata-wp-on--click=\"actions.showLightbox\"\n\t\t\tdata-wp-style--right=\"state.imageButtonRight\"\n\t\t\tdata-wp-style--top=\"state.imageButtonTop\"\n\t\t>\n\t\t\t<svg xmlns=\"http:\/\/www.w3.org\/2000\/svg\" width=\"12\" height=\"12\" fill=\"none\" viewBox=\"0 0 12 12\">\n\t\t\t\t<path fill=\"#fff\" d=\"M2 0a2 2 0 0 0-2 2v2h1.5V2a.5.5 0 0 1 .5-.5h2V0H2Zm2 10.5H2a.5.5 0 0 1-.5-.5V8H0v2a2 2 0 0 0 2 2h2v-1.5ZM8 12v-1.5h2a.5.5 0 0 0 .5-.5V8H12v2a2 2 0 0 1-2 2H8Zm2-12a2 2 0 0 1 2 2v2h-1.5V2a.5.5 0 0 0-.5-.5H8V0h2Z\" \/>\n\t\t\t<\/svg>\n\t\t<\/button><\/figure>\n<\/div>\n\n\n\n<div class=\"wp-block-column is-layout-flow wp-block-column-is-layout-flow\">\n<figure data-wp-context=\"{&quot;imageId&quot;:&quot;69e4b852ee806&quot;}\" data-wp-interactive=\"core\/image\" data-wp-key=\"69e4b852ee806\" class=\"wp-block-image size-large wp-lightbox-container\"><img loading=\"lazy\" decoding=\"async\" width=\"1024\" height=\"576\" data-wp-class--hide=\"state.isContentHidden\" data-wp-class--show=\"state.isContentVisible\" data-wp-init=\"callbacks.setButtonStyles\" data-wp-on--click=\"actions.showLightbox\" data-wp-on--load=\"callbacks.setButtonStyles\" data-wp-on-window--resize=\"callbacks.setButtonStyles\" src=\"https:\/\/timotheecouteau.com\/wp-content\/uploads\/2026\/01\/16-1024x576.jpg\" alt=\"\" class=\"wp-image-1795\" srcset=\"https:\/\/timotheecouteau.com\/wp-content\/uploads\/2026\/01\/16-1024x576.jpg 1024w, https:\/\/timotheecouteau.com\/wp-content\/uploads\/2026\/01\/16-300x169.jpg 300w, https:\/\/timotheecouteau.com\/wp-content\/uploads\/2026\/01\/16-768x432.jpg 768w, https:\/\/timotheecouteau.com\/wp-content\/uploads\/2026\/01\/16-1536x864.jpg 1536w, https:\/\/timotheecouteau.com\/wp-content\/uploads\/2026\/01\/16-2048x1152.jpg 2048w, https:\/\/timotheecouteau.com\/wp-content\/uploads\/2026\/01\/16-1000x563.jpg 1000w, https:\/\/timotheecouteau.com\/wp-content\/uploads\/2026\/01\/16-230x129.jpg 230w, https:\/\/timotheecouteau.com\/wp-content\/uploads\/2026\/01\/16-350x197.jpg 350w, https:\/\/timotheecouteau.com\/wp-content\/uploads\/2026\/01\/16-480x270.jpg 480w\" sizes=\"auto, (max-width: 1024px) 100vw, 1024px\" \/><button\n\t\t\tclass=\"lightbox-trigger\"\n\t\t\ttype=\"button\"\n\t\t\taria-haspopup=\"dialog\"\n\t\t\taria-label=\"Agrandir\"\n\t\t\tdata-wp-init=\"callbacks.initTriggerButton\"\n\t\t\tdata-wp-on--click=\"actions.showLightbox\"\n\t\t\tdata-wp-style--right=\"state.imageButtonRight\"\n\t\t\tdata-wp-style--top=\"state.imageButtonTop\"\n\t\t>\n\t\t\t<svg xmlns=\"http:\/\/www.w3.org\/2000\/svg\" width=\"12\" height=\"12\" fill=\"none\" viewBox=\"0 0 12 12\">\n\t\t\t\t<path fill=\"#fff\" d=\"M2 0a2 2 0 0 0-2 2v2h1.5V2a.5.5 0 0 1 .5-.5h2V0H2Zm2 10.5H2a.5.5 0 0 1-.5-.5V8H0v2a2 2 0 0 0 2 2h2v-1.5ZM8 12v-1.5h2a.5.5 0 0 0 .5-.5V8H12v2a2 2 0 0 1-2 2H8Zm2-12a2 2 0 0 1 2 2v2h-1.5V2a.5.5 0 0 0-.5-.5H8V0h2Z\" \/>\n\t\t\t<\/svg>\n\t\t<\/button><\/figure>\n<\/div>\n<\/div>\n\n\n\n<div class=\"wp-block-columns is-layout-flex wp-container-core-columns-is-layout-28f84493 wp-block-columns-is-layout-flex\">\n<div class=\"wp-block-column is-layout-flow wp-block-column-is-layout-flow\">\n<figure data-wp-context=\"{&quot;imageId&quot;:&quot;69e4b852eebd1&quot;}\" data-wp-interactive=\"core\/image\" data-wp-key=\"69e4b852eebd1\" class=\"wp-block-image size-large wp-lightbox-container\"><img loading=\"lazy\" decoding=\"async\" width=\"1024\" height=\"576\" data-wp-class--hide=\"state.isContentHidden\" data-wp-class--show=\"state.isContentVisible\" data-wp-init=\"callbacks.setButtonStyles\" data-wp-on--click=\"actions.showLightbox\" data-wp-on--load=\"callbacks.setButtonStyles\" data-wp-on-window--resize=\"callbacks.setButtonStyles\" src=\"https:\/\/timotheecouteau.com\/wp-content\/uploads\/2026\/01\/12-1024x576.jpg\" alt=\"\" class=\"wp-image-1798\" srcset=\"https:\/\/timotheecouteau.com\/wp-content\/uploads\/2026\/01\/12-1024x576.jpg 1024w, https:\/\/timotheecouteau.com\/wp-content\/uploads\/2026\/01\/12-300x169.jpg 300w, https:\/\/timotheecouteau.com\/wp-content\/uploads\/2026\/01\/12-768x432.jpg 768w, https:\/\/timotheecouteau.com\/wp-content\/uploads\/2026\/01\/12-1536x864.jpg 1536w, https:\/\/timotheecouteau.com\/wp-content\/uploads\/2026\/01\/12-2048x1152.jpg 2048w, https:\/\/timotheecouteau.com\/wp-content\/uploads\/2026\/01\/12-1000x563.jpg 1000w, https:\/\/timotheecouteau.com\/wp-content\/uploads\/2026\/01\/12-230x129.jpg 230w, https:\/\/timotheecouteau.com\/wp-content\/uploads\/2026\/01\/12-350x197.jpg 350w, https:\/\/timotheecouteau.com\/wp-content\/uploads\/2026\/01\/12-480x270.jpg 480w\" sizes=\"auto, (max-width: 1024px) 100vw, 1024px\" \/><button\n\t\t\tclass=\"lightbox-trigger\"\n\t\t\ttype=\"button\"\n\t\t\taria-haspopup=\"dialog\"\n\t\t\taria-label=\"Agrandir\"\n\t\t\tdata-wp-init=\"callbacks.initTriggerButton\"\n\t\t\tdata-wp-on--click=\"actions.showLightbox\"\n\t\t\tdata-wp-style--right=\"state.imageButtonRight\"\n\t\t\tdata-wp-style--top=\"state.imageButtonTop\"\n\t\t>\n\t\t\t<svg xmlns=\"http:\/\/www.w3.org\/2000\/svg\" width=\"12\" height=\"12\" fill=\"none\" viewBox=\"0 0 12 12\">\n\t\t\t\t<path fill=\"#fff\" d=\"M2 0a2 2 0 0 0-2 2v2h1.5V2a.5.5 0 0 1 .5-.5h2V0H2Zm2 10.5H2a.5.5 0 0 1-.5-.5V8H0v2a2 2 0 0 0 2 2h2v-1.5ZM8 12v-1.5h2a.5.5 0 0 0 .5-.5V8H12v2a2 2 0 0 1-2 2H8Zm2-12a2 2 0 0 1 2 2v2h-1.5V2a.5.5 0 0 0-.5-.5H8V0h2Z\" \/>\n\t\t\t<\/svg>\n\t\t<\/button><\/figure>\n<\/div>\n\n\n\n<div class=\"wp-block-column is-layout-flow wp-block-column-is-layout-flow\">\n<figure data-wp-context=\"{&quot;imageId&quot;:&quot;69e4b852eef34&quot;}\" data-wp-interactive=\"core\/image\" data-wp-key=\"69e4b852eef34\" class=\"wp-block-image size-large wp-lightbox-container\"><img loading=\"lazy\" decoding=\"async\" width=\"1024\" height=\"576\" data-wp-class--hide=\"state.isContentHidden\" data-wp-class--show=\"state.isContentVisible\" data-wp-init=\"callbacks.setButtonStyles\" data-wp-on--click=\"actions.showLightbox\" data-wp-on--load=\"callbacks.setButtonStyles\" data-wp-on-window--resize=\"callbacks.setButtonStyles\" src=\"https:\/\/timotheecouteau.com\/wp-content\/uploads\/2026\/01\/11-1024x576.jpg\" alt=\"\" class=\"wp-image-1797\" srcset=\"https:\/\/timotheecouteau.com\/wp-content\/uploads\/2026\/01\/11-1024x576.jpg 1024w, https:\/\/timotheecouteau.com\/wp-content\/uploads\/2026\/01\/11-300x169.jpg 300w, https:\/\/timotheecouteau.com\/wp-content\/uploads\/2026\/01\/11-768x432.jpg 768w, https:\/\/timotheecouteau.com\/wp-content\/uploads\/2026\/01\/11-1536x864.jpg 1536w, https:\/\/timotheecouteau.com\/wp-content\/uploads\/2026\/01\/11-2048x1152.jpg 2048w, https:\/\/timotheecouteau.com\/wp-content\/uploads\/2026\/01\/11-1000x563.jpg 1000w, https:\/\/timotheecouteau.com\/wp-content\/uploads\/2026\/01\/11-230x129.jpg 230w, https:\/\/timotheecouteau.com\/wp-content\/uploads\/2026\/01\/11-350x197.jpg 350w, https:\/\/timotheecouteau.com\/wp-content\/uploads\/2026\/01\/11-480x270.jpg 480w\" sizes=\"auto, (max-width: 1024px) 100vw, 1024px\" \/><button\n\t\t\tclass=\"lightbox-trigger\"\n\t\t\ttype=\"button\"\n\t\t\taria-haspopup=\"dialog\"\n\t\t\taria-label=\"Agrandir\"\n\t\t\tdata-wp-init=\"callbacks.initTriggerButton\"\n\t\t\tdata-wp-on--click=\"actions.showLightbox\"\n\t\t\tdata-wp-style--right=\"state.imageButtonRight\"\n\t\t\tdata-wp-style--top=\"state.imageButtonTop\"\n\t\t>\n\t\t\t<svg xmlns=\"http:\/\/www.w3.org\/2000\/svg\" width=\"12\" height=\"12\" fill=\"none\" viewBox=\"0 0 12 12\">\n\t\t\t\t<path fill=\"#fff\" d=\"M2 0a2 2 0 0 0-2 2v2h1.5V2a.5.5 0 0 1 .5-.5h2V0H2Zm2 10.5H2a.5.5 0 0 1-.5-.5V8H0v2a2 2 0 0 0 2 2h2v-1.5ZM8 12v-1.5h2a.5.5 0 0 0 .5-.5V8H12v2a2 2 0 0 1-2 2H8Zm2-12a2 2 0 0 1 2 2v2h-1.5V2a.5.5 0 0 0-.5-.5H8V0h2Z\" \/>\n\t\t\t<\/svg>\n\t\t<\/button><\/figure>\n<\/div>\n\n\n\n<div class=\"wp-block-column is-layout-flow wp-block-column-is-layout-flow\">\n<figure data-wp-context=\"{&quot;imageId&quot;:&quot;69e4b852ef271&quot;}\" data-wp-interactive=\"core\/image\" data-wp-key=\"69e4b852ef271\" class=\"wp-block-image size-large wp-lightbox-container\"><img loading=\"lazy\" decoding=\"async\" width=\"1024\" height=\"576\" data-wp-class--hide=\"state.isContentHidden\" data-wp-class--show=\"state.isContentVisible\" data-wp-init=\"callbacks.setButtonStyles\" data-wp-on--click=\"actions.showLightbox\" data-wp-on--load=\"callbacks.setButtonStyles\" data-wp-on-window--resize=\"callbacks.setButtonStyles\" src=\"https:\/\/timotheecouteau.com\/wp-content\/uploads\/2026\/01\/20-1024x576.jpg\" alt=\"\" class=\"wp-image-1796\" srcset=\"https:\/\/timotheecouteau.com\/wp-content\/uploads\/2026\/01\/20-1024x576.jpg 1024w, https:\/\/timotheecouteau.com\/wp-content\/uploads\/2026\/01\/20-300x169.jpg 300w, https:\/\/timotheecouteau.com\/wp-content\/uploads\/2026\/01\/20-768x432.jpg 768w, https:\/\/timotheecouteau.com\/wp-content\/uploads\/2026\/01\/20-1536x864.jpg 1536w, https:\/\/timotheecouteau.com\/wp-content\/uploads\/2026\/01\/20-2048x1152.jpg 2048w, https:\/\/timotheecouteau.com\/wp-content\/uploads\/2026\/01\/20-1000x563.jpg 1000w, https:\/\/timotheecouteau.com\/wp-content\/uploads\/2026\/01\/20-230x129.jpg 230w, https:\/\/timotheecouteau.com\/wp-content\/uploads\/2026\/01\/20-350x197.jpg 350w, https:\/\/timotheecouteau.com\/wp-content\/uploads\/2026\/01\/20-480x270.jpg 480w\" sizes=\"auto, (max-width: 1024px) 100vw, 1024px\" \/><button\n\t\t\tclass=\"lightbox-trigger\"\n\t\t\ttype=\"button\"\n\t\t\taria-haspopup=\"dialog\"\n\t\t\taria-label=\"Agrandir\"\n\t\t\tdata-wp-init=\"callbacks.initTriggerButton\"\n\t\t\tdata-wp-on--click=\"actions.showLightbox\"\n\t\t\tdata-wp-style--right=\"state.imageButtonRight\"\n\t\t\tdata-wp-style--top=\"state.imageButtonTop\"\n\t\t>\n\t\t\t<svg xmlns=\"http:\/\/www.w3.org\/2000\/svg\" width=\"12\" height=\"12\" fill=\"none\" viewBox=\"0 0 12 12\">\n\t\t\t\t<path fill=\"#fff\" d=\"M2 0a2 2 0 0 0-2 2v2h1.5V2a.5.5 0 0 1 .5-.5h2V0H2Zm2 10.5H2a.5.5 0 0 1-.5-.5V8H0v2a2 2 0 0 0 2 2h2v-1.5ZM8 12v-1.5h2a.5.5 0 0 0 .5-.5V8H12v2a2 2 0 0 1-2 2H8Zm2-12a2 2 0 0 1 2 2v2h-1.5V2a.5.5 0 0 0-.5-.5H8V0h2Z\" \/>\n\t\t\t<\/svg>\n\t\t<\/button><\/figure>\n<\/div>\n<\/div>\n\n\n\n<p><\/p>\n","protected":false},"excerpt":{"rendered":"<p>\u00ab\u00a0Un dialogue po\u00e9tique et un univers singulier et finement ma\u00eetris\u00e9 [&#8230;] Une exp\u00e9rience sonore et sensorielle incroyable\u00a0\u00bb La VOIX DU NORD \u00abMusiques [&hellip;]<\/p>\n","protected":false},"author":1,"featured_media":0,"parent":0,"menu_order":0,"comment_status":"closed","ping_status":"closed","template":"","meta":{"footnotes":""},"class_list":["post-1622","page","type-page","status-publish","hentry"],"_links":{"self":[{"href":"https:\/\/timotheecouteau.com\/index.php\/wp-json\/wp\/v2\/pages\/1622","targetHints":{"allow":["GET"]}}],"collection":[{"href":"https:\/\/timotheecouteau.com\/index.php\/wp-json\/wp\/v2\/pages"}],"about":[{"href":"https:\/\/timotheecouteau.com\/index.php\/wp-json\/wp\/v2\/types\/page"}],"author":[{"embeddable":true,"href":"https:\/\/timotheecouteau.com\/index.php\/wp-json\/wp\/v2\/users\/1"}],"replies":[{"embeddable":true,"href":"https:\/\/timotheecouteau.com\/index.php\/wp-json\/wp\/v2\/comments?post=1622"}],"version-history":[{"count":18,"href":"https:\/\/timotheecouteau.com\/index.php\/wp-json\/wp\/v2\/pages\/1622\/revisions"}],"predecessor-version":[{"id":1802,"href":"https:\/\/timotheecouteau.com\/index.php\/wp-json\/wp\/v2\/pages\/1622\/revisions\/1802"}],"wp:attachment":[{"href":"https:\/\/timotheecouteau.com\/index.php\/wp-json\/wp\/v2\/media?parent=1622"}],"curies":[{"name":"wp","href":"https:\/\/api.w.org\/{rel}","templated":true}]}}