{"id":1411,"date":"2025-04-21T11:18:38","date_gmt":"2025-04-21T09:18:38","guid":{"rendered":"http:\/\/timothee.couteau.free.fr\/2016\/?page_id=1411"},"modified":"2025-12-15T19:30:29","modified_gmt":"2025-12-15T19:30:29","slug":"musique-de-poing-daudrey-chapon","status":"publish","type":"page","link":"https:\/\/timotheecouteau.com\/index.php\/musique-de-poing-daudrey-chapon\/","title":{"rendered":"\u00ab\u00a0Poin(G)\u00a0\u00bb &#8211; Audrey Chapon"},"content":{"rendered":"\n<p><\/p>\n\n\n\n<figure class=\"wp-block-image size-large is-resized\"><img loading=\"lazy\" decoding=\"async\" width=\"1024\" height=\"460\" src=\"https:\/\/timotheecouteau.com\/wp-content\/uploads\/2025\/04\/poing_extrait-1024x460.jpg\" alt=\"\" class=\"wp-image-1410\" style=\"width:840px;height:377px\" srcset=\"https:\/\/timotheecouteau.com\/wp-content\/uploads\/2025\/04\/poing_extrait-1024x460.jpg 1024w, https:\/\/timotheecouteau.com\/wp-content\/uploads\/2025\/04\/poing_extrait-300x135.jpg 300w, https:\/\/timotheecouteau.com\/wp-content\/uploads\/2025\/04\/poing_extrait-768x345.jpg 768w, https:\/\/timotheecouteau.com\/wp-content\/uploads\/2025\/04\/poing_extrait-1536x690.jpg 1536w, https:\/\/timotheecouteau.com\/wp-content\/uploads\/2025\/04\/poing_extrait.jpg 1967w\" sizes=\"auto, (max-width: 1024px) 100vw, 1024px\" \/><\/figure>\n\n\n\n<p class=\"has-text-align-center\">Nous avons imagin\u00e9 une \u00e9poque pendant laquelle les rues grondent, s\u2019enflamment et se parent d\u2019une humeur \u00e9trange fr\u00f4lant la magie, deux femmes plus occup\u00e9es \u00e0 leurs affaires sensuelles et \u00e9rotiques qu\u2019aux affaires mat\u00e9rielles vivent chichement dans l\u2019atelier de Charlotte. Dehors un vent d\u2019hiver s\u2019installe. Tr\u00e8s vite l\u2019ext\u00e9rieur d\u00e9teint progressivement sur l\u2019intimit\u00e9 complice du couple. Presque comme dans un songe, des d\u00e9mons et autres dr\u00f4leries s\u2019immiscent dans leur cocon et rapidement d\u00e9stabilisent le couple. Nous touchons un point de basculement in\u00e9vitable, quand toute la bienveillance, l\u2019amour et la compassion craquent, quand les mots se taisent et l\u2019heure des choix, aussi fous soient-ils, sonne. Ainsi tout devient d\u00e9sordre et remise en question, tout se manifeste indicible.<\/p>\n\n\n\n<figure class=\"wp-block-audio\"><audio controls src=\"https:\/\/timotheecouteau.com\/wp-content\/uploads\/2025\/04\/La-rue-sourde-25102024-MM.mp3\"><\/audio><\/figure>\n\n\n\n<div style=\"height:100px\" aria-hidden=\"true\" class=\"wp-block-spacer\"><\/div>\n\n\n\n<p>Un grand merci \u00e0 toute l&rsquo;\u00e9quipe du centre Culturel de La gare de M\u00e9ricourt et \u00e0 Antoine Godard.<br>Avec l&rsquo;association <a href=\"https:\/\/www.facebook.com\/profile.php?id=61574626120945&amp;__cft__[0]=AZVbMGNrnUPfb075R3Y9QDPTRVE9BX-jAKczsRhcPLjNcazU6EEFVRHsSKyX58-nQihQeEFP-_D-vrw7RaMaWwODLeQVB2l5Y2pvkiZSUZBs_Hk2B8Z1L8UimgQfHolRpvSnHXqUDdLLQzBnpVtP2_NjY295bDB1AzQUiUDR_VUBTqNBW8bAm0nQicU8NYj_Srk&amp;__tn__=-]K-y-R\" target=\"_blank\" rel=\"noopener\">L&rsquo;Escapade<\/a> hors les murs.<br>Texte et mise en sc\u00e8ne <a href=\"https:\/\/www.facebook.com\/audrey.chapon.75?__cft__[0]=AZVbMGNrnUPfb075R3Y9QDPTRVE9BX-jAKczsRhcPLjNcazU6EEFVRHsSKyX58-nQihQeEFP-_D-vrw7RaMaWwODLeQVB2l5Y2pvkiZSUZBs_Hk2B8Z1L8UimgQfHolRpvSnHXqUDdLLQzBnpVtP2_NjY295bDB1AzQUiUDR_VUBTqNBW8bAm0nQicU8NYj_Srk&amp;__tn__=-]K-y-R\" target=\"_blank\" rel=\"noopener\">Audrey Chapon<\/a><br>Assistante \u00e0 la mise en sc\u00e8ne, <a href=\"https:\/\/www.facebook.com\/sophie.boulanger.332?__cft__[0]=AZVbMGNrnUPfb075R3Y9QDPTRVE9BX-jAKczsRhcPLjNcazU6EEFVRHsSKyX58-nQihQeEFP-_D-vrw7RaMaWwODLeQVB2l5Y2pvkiZSUZBs_Hk2B8Z1L8UimgQfHolRpvSnHXqUDdLLQzBnpVtP2_NjY295bDB1AzQUiUDR_VUBTqNBW8bAm0nQicU8NYj_Srk&amp;__tn__=-]K-y-R\" target=\"_blank\" rel=\"noopener\">Sophie Boulanger<\/a><br><a href=\"https:\/\/www.facebook.com\/sophie.affholder?__cft__[0]=AZVbMGNrnUPfb075R3Y9QDPTRVE9BX-jAKczsRhcPLjNcazU6EEFVRHsSKyX58-nQihQeEFP-_D-vrw7RaMaWwODLeQVB2l5Y2pvkiZSUZBs_Hk2B8Z1L8UimgQfHolRpvSnHXqUDdLLQzBnpVtP2_NjY295bDB1AzQUiUDR_VUBTqNBW8bAm0nQicU8NYj_Srk&amp;__tn__=-]K-y-R\" target=\"_blank\" rel=\"noopener\">Sophie Affholder<\/a>, Camille Dupond.<br>Coproduction Ose Arts, Universit\u00e9 De Lille.<br>R\u00e9sidence avec la Cie Le th\u00e9\u00e2tre du Prisme.<br>Spectacle soutenu par Le Conseil R\u00e9gional des Hauts de France, La DRAC Hauts de France.<br>Lumi\u00e8re, <a href=\"https:\/\/www.facebook.com\/richard.guyot.56?__cft__[0]=AZVbMGNrnUPfb075R3Y9QDPTRVE9BX-jAKczsRhcPLjNcazU6EEFVRHsSKyX58-nQihQeEFP-_D-vrw7RaMaWwODLeQVB2l5Y2pvkiZSUZBs_Hk2B8Z1L8UimgQfHolRpvSnHXqUDdLLQzBnpVtP2_NjY295bDB1AzQUiUDR_VUBTqNBW8bAm0nQicU8NYj_Srk&amp;__tn__=-]K-y-R\" target=\"_blank\" rel=\"noopener\">Richard Guyot<\/a><br>Son, <a href=\"https:\/\/www.facebook.com\/ydonet?__cft__[0]=AZVbMGNrnUPfb075R3Y9QDPTRVE9BX-jAKczsRhcPLjNcazU6EEFVRHsSKyX58-nQihQeEFP-_D-vrw7RaMaWwODLeQVB2l5Y2pvkiZSUZBs_Hk2B8Z1L8UimgQfHolRpvSnHXqUDdLLQzBnpVtP2_NjY295bDB1AzQUiUDR_VUBTqNBW8bAm0nQicU8NYj_Srk&amp;__tn__=-]K-y-R\" target=\"_blank\" rel=\"noopener\">Yannick Donet<\/a><br>Vid\u00e9o, <a href=\"https:\/\/www.facebook.com\/cleo.sarrazin?__cft__[0]=AZVbMGNrnUPfb075R3Y9QDPTRVE9BX-jAKczsRhcPLjNcazU6EEFVRHsSKyX58-nQihQeEFP-_D-vrw7RaMaWwODLeQVB2l5Y2pvkiZSUZBs_Hk2B8Z1L8UimgQfHolRpvSnHXqUDdLLQzBnpVtP2_NjY295bDB1AzQUiUDR_VUBTqNBW8bAm0nQicU8NYj_Srk&amp;__tn__=-]K-y-R\" target=\"_blank\" rel=\"noopener\">Cl\u00e9o Sarrazin<\/a><br>Musique, <a href=\"https:\/\/www.facebook.com\/misterknife?__cft__[0]=AZVbMGNrnUPfb075R3Y9QDPTRVE9BX-jAKczsRhcPLjNcazU6EEFVRHsSKyX58-nQihQeEFP-_D-vrw7RaMaWwODLeQVB2l5Y2pvkiZSUZBs_Hk2B8Z1L8UimgQfHolRpvSnHXqUDdLLQzBnpVtP2_NjY295bDB1AzQUiUDR_VUBTqNBW8bAm0nQicU8NYj_Srk&amp;__tn__=-]K-y-R\" target=\"_blank\" rel=\"noopener\">Timoth\u00e9e Couteau<\/a><br>Facture masque, <a href=\"https:\/\/www.facebook.com\/martha.romero.7777?__cft__[0]=AZVbMGNrnUPfb075R3Y9QDPTRVE9BX-jAKczsRhcPLjNcazU6EEFVRHsSKyX58-nQihQeEFP-_D-vrw7RaMaWwODLeQVB2l5Y2pvkiZSUZBs_Hk2B8Z1L8UimgQfHolRpvSnHXqUDdLLQzBnpVtP2_NjY295bDB1AzQUiUDR_VUBTqNBW8bAm0nQicU8NYj_Srk&amp;__tn__=-]K-y-R\" target=\"_blank\" rel=\"noopener\">Martha Romero<\/a><br>Construction D\u00e9cor, Richard Guyot.<br>Visuel, Fanny Derrier.<br>Production et diffusion, <a href=\"https:\/\/www.facebook.com\/catherine.dujardin.31?__cft__[0]=AZVbMGNrnUPfb075R3Y9QDPTRVE9BX-jAKczsRhcPLjNcazU6EEFVRHsSKyX58-nQihQeEFP-_D-vrw7RaMaWwODLeQVB2l5Y2pvkiZSUZBs_Hk2B8Z1L8UimgQfHolRpvSnHXqUDdLLQzBnpVtP2_NjY295bDB1AzQUiUDR_VUBTqNBW8bAm0nQicU8NYj_Srk&amp;__tn__=-]K-y-R\" target=\"_blank\" rel=\"noopener\">Catherine Dujardin<\/a><\/p>\n\n\n\n<p><\/p>\n\n\n\n<p><\/p>\n\n\n\n<p><\/p>\n\n\n\n<p><\/p>\n\n\n\n<p><\/p>\n\n\n\n<p><\/p>\n\n\n\n<p><\/p>\n\n\n\n<p><\/p>\n\n\n\n<p><\/p>\n\n\n\n<p><\/p>\n\n\n\n<p><\/p>\n\n\n\n<p><\/p>\n\n\n\n<p><\/p>\n\n\n\n<p><\/p>\n\n\n\n<p><\/p>\n","protected":false},"excerpt":{"rendered":"<p>Nous avons imagin\u00e9 une \u00e9poque pendant laquelle les rues grondent, s\u2019enflamment et se parent d\u2019une humeur \u00e9trange fr\u00f4lant la magie, deux femmes [&hellip;]<\/p>\n","protected":false},"author":1,"featured_media":0,"parent":0,"menu_order":0,"comment_status":"closed","ping_status":"closed","template":"","meta":{"footnotes":""},"class_list":["post-1411","page","type-page","status-publish","hentry"],"_links":{"self":[{"href":"https:\/\/timotheecouteau.com\/index.php\/wp-json\/wp\/v2\/pages\/1411","targetHints":{"allow":["GET"]}}],"collection":[{"href":"https:\/\/timotheecouteau.com\/index.php\/wp-json\/wp\/v2\/pages"}],"about":[{"href":"https:\/\/timotheecouteau.com\/index.php\/wp-json\/wp\/v2\/types\/page"}],"author":[{"embeddable":true,"href":"https:\/\/timotheecouteau.com\/index.php\/wp-json\/wp\/v2\/users\/1"}],"replies":[{"embeddable":true,"href":"https:\/\/timotheecouteau.com\/index.php\/wp-json\/wp\/v2\/comments?post=1411"}],"version-history":[{"count":2,"href":"https:\/\/timotheecouteau.com\/index.php\/wp-json\/wp\/v2\/pages\/1411\/revisions"}],"predecessor-version":[{"id":1577,"href":"https:\/\/timotheecouteau.com\/index.php\/wp-json\/wp\/v2\/pages\/1411\/revisions\/1577"}],"wp:attachment":[{"href":"https:\/\/timotheecouteau.com\/index.php\/wp-json\/wp\/v2\/media?parent=1411"}],"curies":[{"name":"wp","href":"https:\/\/api.w.org\/{rel}","templated":true}]}}