{"id":1096,"date":"2023-09-13T16:27:50","date_gmt":"2023-09-13T14:27:50","guid":{"rendered":"http:\/\/timothee.couteau.free.fr\/2016\/?page_id=1096"},"modified":"2026-02-04T18:19:35","modified_gmt":"2026-02-04T18:19:35","slug":"espace-pro","status":"publish","type":"page","link":"https:\/\/timotheecouteau.com\/index.php\/espace-pro\/","title":{"rendered":"Espace Pro \/ Cr\u00e9dits"},"content":{"rendered":"\n<h5 class=\"wp-block-heading\">Teaser<\/h5>\n\n\n\n<details class=\"wp-block-details is-layout-flow wp-block-details-is-layout-flow\"><summary>Voir le Teaser<\/summary>\n<p><a href=\"https:\/\/youtu.be\/dulaJGcxr7k\" target=\"_blank\" rel=\"noopener\">https:\/\/youtu.be\/dulaJGcxr7k<\/a><\/p>\n\n\n\n<figure class=\"wp-block-embed is-type-video is-provider-youtube wp-block-embed-youtube wp-embed-aspect-16-9 wp-has-aspect-ratio\"><div class=\"wp-block-embed__wrapper\">\n<iframe loading=\"lazy\" title=\"Musiques pour Violoncelles Seuls - Timoth\u00e9e Couteau\" width=\"1170\" height=\"658\" src=\"https:\/\/www.youtube.com\/embed\/dulaJGcxr7k?feature=oembed\" frameborder=\"0\" allow=\"accelerometer; autoplay; clipboard-write; encrypted-media; gyroscope; picture-in-picture; web-share\" referrerpolicy=\"strict-origin-when-cross-origin\" allowfullscreen><\/iframe>\n<\/div><\/figure>\n<\/details>\n\n\n\n<h5 class=\"wp-block-heading\">Sc\u00e9nographies<\/h5>\n\n\n\n<details class=\"wp-block-details is-layout-flow wp-block-details-is-layout-flow\"><summary>Voir les sc\u00e9nographies possibles<\/summary>\n<p>Il existe plusieurs formes \u00e0 \u00ab&nbsp;Musiques pour Violoncelles Seuls&nbsp;\u00bb. Acoustique ou sonoris\u00e9, avec ou sans sc\u00e9nographie, une formule \u00ab&nbsp;Une for\u00eat de Violoncelles&nbsp;\u00bb pour un concert sous un arbre, \u00e0 3 ou 5 instruments en fonction de l\u2019espace disponible et du public vis\u00e9.<\/p>\n\n\n\n<div class=\"wp-block-columns is-layout-flex wp-container-core-columns-is-layout-28f84493 wp-block-columns-is-layout-flex\">\n<div class=\"wp-block-column is-layout-flow wp-block-column-is-layout-flow\" style=\"flex-basis:300px\">\n<div class=\"wp-block-cover\"><img loading=\"lazy\" decoding=\"async\" width=\"1024\" height=\"512\" class=\"wp-block-cover__image-background wp-image-1322\" alt=\"\" src=\"https:\/\/timotheecouteau.com\/wp-content\/uploads\/2024\/11\/IMG-20241122-WA0011-scaled-1-1024x512.jpg\" data-object-fit=\"cover\" srcset=\"https:\/\/timotheecouteau.com\/wp-content\/uploads\/2024\/11\/IMG-20241122-WA0011-scaled-1-1024x512.jpg 1024w, https:\/\/timotheecouteau.com\/wp-content\/uploads\/2024\/11\/IMG-20241122-WA0011-scaled-1-300x150.jpg 300w, https:\/\/timotheecouteau.com\/wp-content\/uploads\/2024\/11\/IMG-20241122-WA0011-scaled-1-768x384.jpg 768w, https:\/\/timotheecouteau.com\/wp-content\/uploads\/2024\/11\/IMG-20241122-WA0011-scaled-1-1536x769.jpg 1536w, https:\/\/timotheecouteau.com\/wp-content\/uploads\/2024\/11\/IMG-20241122-WA0011-scaled-1-2048x1025.jpg 2048w\" sizes=\"auto, (max-width: 1024px) 100vw, 1024px\" \/><span aria-hidden=\"true\" class=\"wp-block-cover__background has-background-dim-60 has-background-dim\"><\/span><div class=\"wp-block-cover__inner-container is-layout-flow wp-block-cover-is-layout-flow\">\n<p class=\"has-text-align-center has-medium-font-size\"><a href=\"https:\/\/timotheecouteau.com\/wp-content\/uploads\/2024\/11\/IMG-20241122-WA0011-scaled-1.jpg\" target=\"_blank\" rel=\"noreferrer noopener\">Musiques Pour Violoncelles Seuls<\/a><\/p>\n<\/div><\/div>\n<\/div>\n\n\n\n<div class=\"wp-block-column is-layout-flow wp-block-column-is-layout-flow\">\n<div class=\"wp-block-cover\"><img loading=\"lazy\" decoding=\"async\" width=\"1024\" height=\"683\" class=\"wp-block-cover__image-background wp-image-1401\" alt=\"\" src=\"https:\/\/timotheecouteau.com\/wp-content\/uploads\/2025\/04\/anzin-5-1024x683.jpg\" data-object-fit=\"cover\" srcset=\"https:\/\/timotheecouteau.com\/wp-content\/uploads\/2025\/04\/anzin-5-1024x683.jpg 1024w, https:\/\/timotheecouteau.com\/wp-content\/uploads\/2025\/04\/anzin-5-300x200.jpg 300w, https:\/\/timotheecouteau.com\/wp-content\/uploads\/2025\/04\/anzin-5-768x512.jpg 768w, https:\/\/timotheecouteau.com\/wp-content\/uploads\/2025\/04\/anzin-5.jpg 1200w\" sizes=\"auto, (max-width: 1024px) 100vw, 1024px\" \/><span aria-hidden=\"true\" class=\"wp-block-cover__background has-background-dim-60 has-background-dim\"><\/span><div class=\"wp-block-cover__inner-container is-layout-flow wp-block-cover-is-layout-flow\">\n<p class=\"has-text-align-center has-medium-font-size\"><a href=\"https:\/\/timotheecouteau.com\/wp-content\/uploads\/2025\/04\/anzin-5.jpg\" target=\"_blank\" rel=\"noreferrer noopener\">Musiques Pour Violoncelles Seuls (Petite Forme)<\/a><\/p>\n<\/div><\/div>\n<\/div>\n\n\n\n<div class=\"wp-block-column is-layout-flow wp-block-column-is-layout-flow\">\n<div class=\"wp-block-cover\"><img loading=\"lazy\" decoding=\"async\" width=\"1024\" height=\"768\" class=\"wp-block-cover__image-background wp-image-1286\" alt=\"\" src=\"https:\/\/timotheecouteau.com\/wp-content\/uploads\/2024\/08\/UneForetdeVioloncelles-TimotheeCouteau-LD-scaled-1-1024x768.jpg\" style=\"object-position:38% 42%\" data-object-fit=\"cover\" data-object-position=\"38% 42%\" srcset=\"https:\/\/timotheecouteau.com\/wp-content\/uploads\/2024\/08\/UneForetdeVioloncelles-TimotheeCouteau-LD-scaled-1-1024x768.jpg 1024w, https:\/\/timotheecouteau.com\/wp-content\/uploads\/2024\/08\/UneForetdeVioloncelles-TimotheeCouteau-LD-scaled-1-300x225.jpg 300w, https:\/\/timotheecouteau.com\/wp-content\/uploads\/2024\/08\/UneForetdeVioloncelles-TimotheeCouteau-LD-scaled-1-768x576.jpg 768w, https:\/\/timotheecouteau.com\/wp-content\/uploads\/2024\/08\/UneForetdeVioloncelles-TimotheeCouteau-LD-scaled-1-1536x1152.jpg 1536w, https:\/\/timotheecouteau.com\/wp-content\/uploads\/2024\/08\/UneForetdeVioloncelles-TimotheeCouteau-LD-scaled-1-2048x1536.jpg 2048w\" sizes=\"auto, (max-width: 1024px) 100vw, 1024px\" \/><span aria-hidden=\"true\" class=\"wp-block-cover__background has-background-dim-60 has-background-dim\"><\/span><div class=\"wp-block-cover__inner-container is-layout-flow wp-block-cover-is-layout-flow\">\n<p class=\"has-text-align-center has-medium-font-size\"><a href=\"https:\/\/timotheecouteau.com\/wp-content\/uploads\/2024\/08\/UneForetdeVioloncelles-TimotheeCouteau-LD-scaled-1.jpg\" target=\"_blank\" rel=\"noreferrer noopener\">Une For\u00eat de Violoncelles<\/a><\/p>\n<\/div><\/div>\n<\/div>\n<\/div>\n\n\n\n<div style=\"height:100px\" aria-hidden=\"true\" class=\"wp-block-spacer\"><\/div>\n<\/details>\n\n\n\n<h5 class=\"wp-block-heading\">Fiches Techniques<\/h5>\n\n\n\n<details class=\"wp-block-details is-layout-flow wp-block-details-is-layout-flow\"><summary>Fiches Techniques son et lumi\u00e8res<\/summary>\n<p>Il existe plusieurs formes \u00e0 \u00ab\u00a0Musiques pour Violoncelles Seuls\u00a0\u00bb. Acoustique ou sonoris\u00e9, avec ou sans sc\u00e9nographie, une formule \u00ab\u00a0Une for\u00eat de Violoncelles\u00a0\u00bb pour un concert sous un arbre, \u00e0 3 ou 5 instruments en fonction de l&rsquo;espace disponible et du public vis\u00e9. <\/p>\n\n\n\n<h5 class=\"wp-block-heading\">Fiches Technique Son<\/h5>\n\n\n\n<p><a href=\"https:\/\/timotheecouteau.com\/wp-content\/uploads\/2023\/09\/FT-3-violoncelles-Acoustique-13092023.pdf\" target=\"_blank\" rel=\"noreferrer noopener\">Formule \u00e0 3 violoncelles (acoustique &#8211; 50 personnes max)<\/a><\/p>\n\n\n\n<p><a href=\"https:\/\/timotheecouteau.com\/wp-content\/uploads\/2024\/11\/FT-SON-LES-VIOLONCELLES-SEULS-2024-3VLC-06112024.pdf\" target=\"_blank\" rel=\"noreferrer noopener\">Formule \u00e0 3 violoncelles (sonoris\u00e9)<\/a><\/p>\n\n\n\n<p><a href=\"https:\/\/timotheecouteau.com\/wp-content\/uploads\/2024\/11\/FT-SON-LES-VIOLONCELLES-SEULS-2024-5VLC-06112024.pdf\" target=\"_blank\" rel=\"noreferrer noopener\">Formule \u00e0 5 violoncelles (sonoris\u00e9)<\/a><\/p>\n\n\n\n<h5 class=\"wp-block-heading\">Plan de feu <\/h5>\n\n\n\n<p><a href=\"https:\/\/timotheecouteau.com\/wp-content\/uploads\/2023\/10\/PF-3-violoncelles-sans-sceno-01102023.pdf\" target=\"_blank\" rel=\"noreferrer noopener\">Plan de feu &#8211; sans sc\u00e9nographie<\/a><\/p>\n\n\n\n<p><a href=\"https:\/\/timotheecouteau.com\/wp-content\/uploads\/2026\/02\/Plan-de-Feux-Violoncelles-Seuls.pdf\" target=\"_blank\" rel=\"noreferrer noopener\">Plan de feu &#8211; avec sc\u00e9nographie<\/a><\/p>\n\n\n\n<h5 class=\"wp-block-heading\">Fiche Technique Lumi\u00e8re<\/h5>\n\n\n\n<p><a href=\"https:\/\/timotheecouteau.com\/wp-content\/uploads\/2026\/02\/FT-Violoncelles-Seuls-.pdf\" target=\"_blank\" rel=\"noreferrer noopener\">Fiche Technique Lumi\u00e8res &#8211; 3 ou 5 violoncelles avec sc\u00e9no<\/a><\/p>\n\n\n\n<div style=\"height:100px\" aria-hidden=\"true\" class=\"wp-block-spacer\"><\/div>\n<\/details>\n\n\n\n<h5 class=\"wp-block-heading\">Photographies<\/h5>\n\n\n\n<details class=\"wp-block-details is-layout-flow wp-block-details-is-layout-flow\"><summary>T\u00e9l\u00e9charger les photos<\/summary>\n<p><a href=\"https:\/\/timotheecouteau.com\/wp-content\/uploads\/2023\/04\/Timothee-Light-Petit-Photo-Quentin-Pruvost.jpg\" target=\"_blank\" rel=\"noreferrer noopener\">Photographie Quentin Pruvost 2024<\/a> (petite taille)<\/p>\n\n\n\n<p><a href=\"https:\/\/timotheecouteau.com\/wp-content\/uploads\/2025\/04\/Timothee%20Mid%20-%20Photo%20Quentin%20Pruvost.jpg\" target=\"_blank\" data-type=\"URL\" data-id=\"https:\/\/timothu.cluster121.hosting.ovh.net\/wp-content\/uploads\/2023\/04\/Timothee-Light-Petit-Photo-Quentin-Pruvost.jpg\" rel=\"noreferrer noopener\">Photographie Quentin Pruvost 2024<\/a> (taille moyenne)<\/p>\n\n\n\n<p><a href=\"https:\/\/timotheecouteau.com\/wp-content\/uploads\/2025\/04\/Timothee%20-%20Photo%20Quentin%20Pruvost.jpg\" target=\"_blank\" rel=\"noreferrer noopener\">Photographie Quentin Pruvost 2024<\/a> (grande taille)<\/p>\n<\/details>\n\n\n\n<figure class=\"wp-block-image aligncenter size-full is-resized\"><img loading=\"lazy\" decoding=\"async\" width=\"2560\" height=\"1706\" src=\"https:\/\/timotheecouteau.com\/wp-content\/uploads\/2025\/02\/Timothee-Light-Hi-Mid-Photo-Quentin-Pruvost-scaled-1.jpg\" alt=\"\" class=\"wp-image-1361\" style=\"aspect-ratio:1.5006084349864957;width:599px;height:auto\" srcset=\"https:\/\/timotheecouteau.com\/wp-content\/uploads\/2025\/02\/Timothee-Light-Hi-Mid-Photo-Quentin-Pruvost-scaled-1.jpg 2560w, https:\/\/timotheecouteau.com\/wp-content\/uploads\/2025\/02\/Timothee-Light-Hi-Mid-Photo-Quentin-Pruvost-scaled-1-300x200.jpg 300w, https:\/\/timotheecouteau.com\/wp-content\/uploads\/2025\/02\/Timothee-Light-Hi-Mid-Photo-Quentin-Pruvost-scaled-1-1024x682.jpg 1024w, https:\/\/timotheecouteau.com\/wp-content\/uploads\/2025\/02\/Timothee-Light-Hi-Mid-Photo-Quentin-Pruvost-scaled-1-768x512.jpg 768w, https:\/\/timotheecouteau.com\/wp-content\/uploads\/2025\/02\/Timothee-Light-Hi-Mid-Photo-Quentin-Pruvost-scaled-1-1536x1024.jpg 1536w, https:\/\/timotheecouteau.com\/wp-content\/uploads\/2025\/02\/Timothee-Light-Hi-Mid-Photo-Quentin-Pruvost-scaled-1-2048x1365.jpg 2048w\" sizes=\"auto, (max-width: 2560px) 100vw, 2560px\" \/><\/figure>\n\n\n\n<h5 class=\"wp-block-heading\">Revue de Presse<\/h5>\n\n\n\n<p>Retrouvez la revue de presse sur <a href=\"https:\/\/timotheecouteau.com\/index.php\/medias\/\" data-type=\"page\" data-id=\"210\">cette page<\/a><br><a href=\"https:\/\/timotheecouteau.com\/wp-content\/uploads\/2026\/01\/REVUE-DE-PRESSE-19122025.pdf\" target=\"_blank\" rel=\"noreferrer noopener\">T\u00e9l\u00e9chargez la en PDF Ici<\/a><\/p>\n\n\n\n<h5 class=\"wp-block-heading\">Partenaires du projet<\/h5>\n\n\n\n<p>La <strong>R\u00e9gion Hauts-de-France<\/strong> (Dispositif EXPE2.0), Accords et quatuor (Calais), L&rsquo;antre 2 (Lille), Timmpi, Le Conservatoire de Dunkerque (CMAD), L&rsquo;\u00e9cole Buissonni\u00e8re (Montigny-en-Gohelle), le Grand Th\u00e9\u00e2tre de Calais.<\/p>\n\n\n\n<p>La <strong>Biennale du Son<\/strong> (Le Mans)<\/p>\n\n\n\n<p><strong>ITEMM<\/strong> (Institut Technologique Europ\u00e9en des M\u00e9tiers de la Musique &#8211; Le Mans)<\/p>\n\n\n\n<p><strong>ENSTIB<\/strong> (Ecole Nationale Sup\u00e9rieure des technologies du bois &#8211; Epinal) <\/p>\n\n\n\n<p><strong>CNRS <\/strong>(Equipe bois &#8211; Montpellier)<\/p>\n\n\n\n<div style=\"height:34px\" aria-hidden=\"true\" class=\"wp-block-spacer\"><\/div>\n\n\n\n<div class=\"wp-block-columns is-layout-flex wp-container-core-columns-is-layout-28f84493 wp-block-columns-is-layout-flex\">\n<div class=\"wp-block-column is-layout-flow wp-block-column-is-layout-flow\">\n<figure class=\"wp-block-image aligncenter size-large is-resized\"><img loading=\"lazy\" decoding=\"async\" width=\"1024\" height=\"228\" src=\"https:\/\/timotheecouteau.com\/wp-content\/uploads\/2023\/10\/Logo-Region-HDF-partenaire-scaled-1-1024x228.jpg\" alt=\"R\u00e9gion Haut de France\" class=\"wp-image-1128\" style=\"width:161px;height:36px\" srcset=\"https:\/\/timotheecouteau.com\/wp-content\/uploads\/2023\/10\/Logo-Region-HDF-partenaire-scaled-1-1024x228.jpg 1024w, https:\/\/timotheecouteau.com\/wp-content\/uploads\/2023\/10\/Logo-Region-HDF-partenaire-scaled-1-300x67.jpg 300w, https:\/\/timotheecouteau.com\/wp-content\/uploads\/2023\/10\/Logo-Region-HDF-partenaire-scaled-1-768x171.jpg 768w, https:\/\/timotheecouteau.com\/wp-content\/uploads\/2023\/10\/Logo-Region-HDF-partenaire-scaled-1-1536x341.jpg 1536w, https:\/\/timotheecouteau.com\/wp-content\/uploads\/2023\/10\/Logo-Region-HDF-partenaire-scaled-1-2048x455.jpg 2048w\" sizes=\"auto, (max-width: 1024px) 100vw, 1024px\" \/><\/figure>\n<\/div>\n\n\n\n<div class=\"wp-block-column is-layout-flow wp-block-column-is-layout-flow\">\n<figure class=\"wp-block-image aligncenter size-large is-resized\"><img loading=\"lazy\" decoding=\"async\" width=\"1024\" height=\"175\" src=\"https:\/\/timotheecouteau.com\/wp-content\/uploads\/2026\/01\/logo_lms-1024x175.png\" alt=\"\" class=\"wp-image-1748\" style=\"aspect-ratio:5.851756007393715;width:182px;height:auto\" srcset=\"https:\/\/timotheecouteau.com\/wp-content\/uploads\/2026\/01\/logo_lms-1024x175.png 1024w, https:\/\/timotheecouteau.com\/wp-content\/uploads\/2026\/01\/logo_lms-300x51.png 300w, https:\/\/timotheecouteau.com\/wp-content\/uploads\/2026\/01\/logo_lms-768x131.png 768w, https:\/\/timotheecouteau.com\/wp-content\/uploads\/2026\/01\/logo_lms-1536x263.png 1536w, https:\/\/timotheecouteau.com\/wp-content\/uploads\/2026\/01\/logo_lms-2048x350.png 2048w, https:\/\/timotheecouteau.com\/wp-content\/uploads\/2026\/01\/logo_lms-1000x171.png 1000w, https:\/\/timotheecouteau.com\/wp-content\/uploads\/2026\/01\/logo_lms-230x39.png 230w, https:\/\/timotheecouteau.com\/wp-content\/uploads\/2026\/01\/logo_lms-350x60.png 350w, https:\/\/timotheecouteau.com\/wp-content\/uploads\/2026\/01\/logo_lms-480x82.png 480w\" sizes=\"auto, (max-width: 1024px) 100vw, 1024px\" \/><\/figure>\n<\/div>\n\n\n\n<div class=\"wp-block-column is-layout-flow wp-block-column-is-layout-flow\">\n<figure class=\"wp-block-image aligncenter size-full is-resized\"><img loading=\"lazy\" decoding=\"async\" width=\"336\" height=\"158\" src=\"https:\/\/timotheecouteau.com\/wp-content\/uploads\/2025\/12\/logo-ITEMM.png\" alt=\"\" class=\"wp-image-1563\" style=\"aspect-ratio:2.125;width:81px;height:auto\" srcset=\"https:\/\/timotheecouteau.com\/wp-content\/uploads\/2025\/12\/logo-ITEMM.png 336w, https:\/\/timotheecouteau.com\/wp-content\/uploads\/2025\/12\/logo-ITEMM-300x141.png 300w, https:\/\/timotheecouteau.com\/wp-content\/uploads\/2025\/12\/logo-ITEMM-230x108.png 230w\" sizes=\"auto, (max-width: 336px) 100vw, 336px\" \/><\/figure>\n<\/div>\n<\/div>\n\n\n\n<div style=\"height:100px\" aria-hidden=\"true\" class=\"wp-block-spacer\"><\/div>\n\n\n\n<h5 class=\"wp-block-heading\">Remerciements<\/h5>\n\n\n\n<p>Yosra Mojtahedi, Thierry Zubialde (Accords et Quatuor), Quentin Pruvost, J\u00e9r\u00f4me Battaglia (TIMMPI), Julian Galli (TIMMPI), Romain VIALA et J\u00e9r\u00e9my CABARET (ITEMM) St\u00e9phane Titelein, Julien Moyon (CMAD), Marie-Christine Trouy (ENSTIB), Yves-Eric Paquiet (Radio France), C\u00e9line Maas, Antoine Marhem et le collectif In Illo Tempore.<\/p>\n\n\n\n<div style=\"height:100px\" aria-hidden=\"true\" class=\"wp-block-spacer\"><\/div>\n\n\n\n<figure class=\"wp-block-image size-large\"><img loading=\"lazy\" decoding=\"async\" width=\"1024\" height=\"684\" src=\"https:\/\/timotheecouteau.com\/wp-content\/uploads\/2025\/11\/Sceno_Carvin-1024x684.jpg\" alt=\"\" class=\"wp-image-1487\" srcset=\"https:\/\/timotheecouteau.com\/wp-content\/uploads\/2025\/11\/Sceno_Carvin-1024x684.jpg 1024w, https:\/\/timotheecouteau.com\/wp-content\/uploads\/2025\/11\/Sceno_Carvin-300x200.jpg 300w, https:\/\/timotheecouteau.com\/wp-content\/uploads\/2025\/11\/Sceno_Carvin-768x513.jpg 768w, https:\/\/timotheecouteau.com\/wp-content\/uploads\/2025\/11\/Sceno_Carvin-1536x1026.jpg 1536w, https:\/\/timotheecouteau.com\/wp-content\/uploads\/2025\/11\/Sceno_Carvin.jpg 1600w\" sizes=\"auto, (max-width: 1024px) 100vw, 1024px\" \/><\/figure>\n","protected":false},"excerpt":{"rendered":"<p>Teaser Sc\u00e9nographies Fiches Techniques Photographies Revue de Presse Retrouvez la revue de presse sur cette pageT\u00e9l\u00e9chargez la en PDF Ici Partenaires du [&hellip;]<\/p>\n","protected":false},"author":1,"featured_media":0,"parent":0,"menu_order":0,"comment_status":"closed","ping_status":"closed","template":"","meta":{"footnotes":""},"class_list":["post-1096","page","type-page","status-publish","hentry"],"_links":{"self":[{"href":"https:\/\/timotheecouteau.com\/index.php\/wp-json\/wp\/v2\/pages\/1096","targetHints":{"allow":["GET"]}}],"collection":[{"href":"https:\/\/timotheecouteau.com\/index.php\/wp-json\/wp\/v2\/pages"}],"about":[{"href":"https:\/\/timotheecouteau.com\/index.php\/wp-json\/wp\/v2\/types\/page"}],"author":[{"embeddable":true,"href":"https:\/\/timotheecouteau.com\/index.php\/wp-json\/wp\/v2\/users\/1"}],"replies":[{"embeddable":true,"href":"https:\/\/timotheecouteau.com\/index.php\/wp-json\/wp\/v2\/comments?post=1096"}],"version-history":[{"count":20,"href":"https:\/\/timotheecouteau.com\/index.php\/wp-json\/wp\/v2\/pages\/1096\/revisions"}],"predecessor-version":[{"id":1816,"href":"https:\/\/timotheecouteau.com\/index.php\/wp-json\/wp\/v2\/pages\/1096\/revisions\/1816"}],"wp:attachment":[{"href":"https:\/\/timotheecouteau.com\/index.php\/wp-json\/wp\/v2\/media?parent=1096"}],"curies":[{"name":"wp","href":"https:\/\/api.w.org\/{rel}","templated":true}]}}